{"id":1564,"date":"2023-03-07T09:38:36","date_gmt":"2023-03-07T09:38:36","guid":{"rendered":"https:\/\/keliautojunamai.lt\/?page_id=1564"},"modified":"2025-05-07T17:27:24","modified_gmt":"2025-05-07T17:27:24","slug":"patalpu-nuoma","status":"publish","type":"page","link":"https:\/\/keliautojunamai.lt\/en\/patalpu-nuoma\/","title":{"rendered":"Patalpu Nuoma"},"content":{"rendered":"<div data-elementor-type=\"wp-page\" data-elementor-id=\"1564\" class=\"elementor elementor-1564\" data-elementor-post-type=\"page\">\n\t\t\t\t\t\t<section class=\"elementor-section elementor-top-section elementor-element elementor-element-e5c1c74 elementor-section-height-min-height elementor-section-boxed elementor-section-height-default elementor-section-items-middle\" data-id=\"e5c1c74\" data-element_type=\"section\" data-e-type=\"section\" data-settings=\"{&quot;background_background&quot;:&quot;classic&quot;}\">\n\t\t\t\t\t\t\t<div class=\"elementor-background-overlay\"><\/div>\n\t\t\t\t\t\t\t<div class=\"elementor-container elementor-column-gap-default\">\n\t\t\t\t\t<div class=\"elementor-column elementor-col-100 elementor-top-column elementor-element elementor-element-14394f6\" data-id=\"14394f6\" data-element_type=\"column\" data-e-type=\"column\">\n\t\t\t<div class=\"elementor-widget-wrap elementor-element-populated\">\n\t\t\t\t\t\t<div class=\"elementor-element elementor-element-1d9f39d elementor-widget elementor-widget-heading\" data-id=\"1d9f39d\" data-element_type=\"widget\" data-e-type=\"widget\" data-widget_type=\"heading.default\">\n\t\t\t\t<div class=\"elementor-widget-container\">\n\t\t\t\t\t<h1 class=\"elementor-heading-title elementor-size-default\">Keliautoj\u0173 namai<\/h1>\t\t\t\t<\/div>\n\t\t\t\t<\/div>\n\t\t\t\t<section class=\"elementor-section elementor-inner-section elementor-element elementor-element-87b3ad1 elementor-section-boxed elementor-section-height-default elementor-section-height-default\" data-id=\"87b3ad1\" data-element_type=\"section\" data-e-type=\"section\">\n\t\t\t\t\t\t<div class=\"elementor-container elementor-column-gap-default\">\n\t\t\t\t\t<div class=\"elementor-column elementor-col-50 elementor-inner-column elementor-element elementor-element-e10006f\" data-id=\"e10006f\" data-element_type=\"column\" data-e-type=\"column\">\n\t\t\t<div class=\"elementor-widget-wrap elementor-element-populated\">\n\t\t\t\t\t\t<div class=\"elementor-element elementor-element-0e60bad elementor-align-start elementor-icon-list--layout-traditional elementor-list-item-link-full_width elementor-widget elementor-widget-icon-list\" data-id=\"0e60bad\" data-element_type=\"widget\" data-e-type=\"widget\" data-widget_type=\"icon-list.default\">\n\t\t\t\t<div class=\"elementor-widget-container\">\n\t\t\t\t\t\t\t<ul class=\"elementor-icon-list-items\">\n\t\t\t\t\t\t\t<li class=\"elementor-icon-list-item\">\n\t\t\t\t\t\t\t\t\t\t\t<span class=\"elementor-icon-list-icon\">\n\t\t\t\t\t\t\t<i aria-hidden=\"true\" class=\"fas fa-house-user\"><\/i>\t\t\t\t\t\t<\/span>\n\t\t\t\t\t\t\t\t\t\t<span class=\"elementor-icon-list-text\">12 Rooms<\/span>\n\t\t\t\t\t\t\t\t\t<\/li>\n\t\t\t\t\t\t\t\t<li class=\"elementor-icon-list-item\">\n\t\t\t\t\t\t\t\t\t\t\t<span class=\"elementor-icon-list-icon\">\n\t\t\t\t\t\t\t<i aria-hidden=\"true\" class=\"fas fa-bed\"><\/i>\t\t\t\t\t\t<\/span>\n\t\t\t\t\t\t\t\t\t\t<span class=\"elementor-icon-list-text\">58 Sleeping places<\/span>\n\t\t\t\t\t\t\t\t\t<\/li>\n\t\t\t\t\t\t\t\t<li class=\"elementor-icon-list-item\">\n\t\t\t\t\t\t\t\t\t\t\t<span class=\"elementor-icon-list-icon\">\n\t\t\t\t\t\t\t<i aria-hidden=\"true\" class=\"fas fa-restroom\"><\/i>\t\t\t\t\t\t<\/span>\n\t\t\t\t\t\t\t\t\t\t<span class=\"elementor-icon-list-text\">WC and showers<\/span>\n\t\t\t\t\t\t\t\t\t<\/li>\n\t\t\t\t\t\t<\/ul>\n\t\t\t\t\t\t<\/div>\n\t\t\t\t<\/div>\n\t\t\t\t\t<\/div>\n\t\t<\/div>\n\t\t\t\t<div class=\"elementor-column elementor-col-50 elementor-inner-column elementor-element elementor-element-a78a849\" data-id=\"a78a849\" data-element_type=\"column\" data-e-type=\"column\">\n\t\t\t<div class=\"elementor-widget-wrap\">\n\t\t\t\t\t\t\t<\/div>\n\t\t<\/div>\n\t\t\t\t\t<\/div>\n\t\t<\/section>\n\t\t\t\t\t<\/div>\n\t\t<\/div>\n\t\t\t\t\t<\/div>\n\t\t<\/section>\n\t\t\t\t<section class=\"elementor-section elementor-top-section elementor-element elementor-element-91ef209 elementor-section-content-middle elementor-section-boxed elementor-section-height-default elementor-section-height-default\" data-id=\"91ef209\" data-element_type=\"section\" data-e-type=\"section\" data-settings=\"{&quot;background_background&quot;:&quot;classic&quot;}\">\n\t\t\t\t\t\t<div class=\"elementor-container elementor-column-gap-no\">\n\t\t\t\t\t<div class=\"elementor-column elementor-col-100 elementor-top-column elementor-element elementor-element-d65dffc\" data-id=\"d65dffc\" data-element_type=\"column\" data-e-type=\"column\">\n\t\t\t<div class=\"elementor-widget-wrap elementor-element-populated\">\n\t\t\t\t\t\t<div class=\"elementor-element elementor-element-752ea26 elementor-widget-divider--view-line elementor-widget elementor-widget-divider\" data-id=\"752ea26\" data-element_type=\"widget\" data-e-type=\"widget\" data-widget_type=\"divider.default\">\n\t\t\t\t<div class=\"elementor-widget-container\">\n\t\t\t\t\t\t\t<div class=\"elementor-divider\">\n\t\t\t<span class=\"elementor-divider-separator\">\n\t\t\t\t\t\t<\/span>\n\t\t<\/div>\n\t\t\t\t\t\t<\/div>\n\t\t\t\t<\/div>\n\t\t\t\t<div class=\"elementor-element elementor-element-1a6b257 elementor-widget elementor-widget-heading\" data-id=\"1a6b257\" data-element_type=\"widget\" data-e-type=\"widget\" data-widget_type=\"heading.default\">\n\t\t\t\t<div class=\"elementor-widget-container\">\n\t\t\t\t\t<h1 class=\"elementor-heading-title elementor-size-default\">Premises<\/h1>\t\t\t\t<\/div>\n\t\t\t\t<\/div>\n\t\t\t\t<div class=\"elementor-element elementor-element-7380299 elementor-widget elementor-widget-text-editor\" data-id=\"7380299\" data-element_type=\"widget\" data-e-type=\"widget\" data-widget_type=\"text-editor.default\">\n\t\t\t\t<div class=\"elementor-widget-container\">\n\t\t\t\t\t\t\t\t\t<p>In the main building of <b>Travelers house<\/b> , there is a large hall for celebrating various events, organizing conferences, or self-improvement, healthcare and children\u2019s summer camps. The hall can accommodate up to <b>50 people<\/b>. It is equipped with panoramic windows, air conditioning, dedicated spaces for conferences. Large outdoor terrace is available for summer events and gatherings. In total, there are <b>9 rooms (36 sleeping places)<\/b>. Each room contains a bunk bed, sofa (comfortable double mattress when unfolded), wardrobe for storing items and clothes, and air conditioning. Close by are showers and WC.<\/p>\n<p><strong>Cottage<\/strong> an authentic house built on old foundations with <strong>3 rooms (up to 20 sleeping places)<\/strong><b>.<\/b> The rooms include small kitchen areas, dishes, stoves, air conditioning, bunk beds, sleeping places, and wardrobes for storing items\/clothes. Each room has separate WC and showers.<\/p>\n<p><b>Auk\u0161tai\u010diai house \u2013 <\/b>an area with <b>2 bedrooms&nbsp;<\/b><span style=\"font-weight: bold; color: var( --e-global-color-9a06b97 ); background-color: var( --e-global-color-astglobalcolor4 );\">(6 sleeping places)<\/span><span style=\"font-style: inherit; font-weight: inherit; color: var( --e-global-color-9a06b97 ); background-color: var( --e-global-color-astglobalcolor4 );\">. The rooms include small kitchens, utensils, stoves, sleeping places, wardrobes for storing items\/clothes, and air conditioning. Each room has separate WC and showers.<\/span><\/p>\t\t\t\t\t\t\t\t<\/div>\n\t\t\t\t<\/div>\n\t\t\t\t<section class=\"elementor-section elementor-inner-section elementor-element elementor-element-dc4e0f6 elementor-section-content-middle elementor-section-full_width elementor-section-height-default elementor-section-height-default\" data-id=\"dc4e0f6\" data-element_type=\"section\" data-e-type=\"section\">\n\t\t\t\t\t\t<div class=\"elementor-container elementor-column-gap-no\">\n\t\t\t\t\t<div class=\"elementor-column elementor-col-50 elementor-inner-column elementor-element elementor-element-cbfd121\" data-id=\"cbfd121\" data-element_type=\"column\" data-e-type=\"column\">\n\t\t\t<div class=\"elementor-widget-wrap elementor-element-populated\">\n\t\t\t\t\t\t<div class=\"elementor-element elementor-element-ad6ddf5 elementor-widget elementor-widget-image\" data-id=\"ad6ddf5\" data-element_type=\"widget\" data-e-type=\"widget\" data-widget_type=\"image.default\">\n\t\t\t\t<div class=\"elementor-widget-container\">\n\t\t\t\t\t\t\t\t\t\t\t\t\t\t\t<img fetchpriority=\"high\" decoding=\"async\" width=\"1600\" height=\"1067\" src=\"https:\/\/keliautojunamai.lt\/wp-content\/uploads\/2023\/09\/Namas6.jpg\" class=\"attachment-full size-full wp-image-2175\" alt=\"\" srcset=\"https:\/\/keliautojunamai.lt\/wp-content\/uploads\/2023\/09\/Namas6.jpg 1600w, https:\/\/keliautojunamai.lt\/wp-content\/uploads\/2023\/09\/Namas6-300x200.jpg 300w, https:\/\/keliautojunamai.lt\/wp-content\/uploads\/2023\/09\/Namas6-1024x683.jpg 1024w, https:\/\/keliautojunamai.lt\/wp-content\/uploads\/2023\/09\/Namas6-768x512.jpg 768w, https:\/\/keliautojunamai.lt\/wp-content\/uploads\/2023\/09\/Namas6-1536x1024.jpg 1536w\" sizes=\"(max-width: 1600px) 100vw, 1600px\" \/>\t\t\t\t\t\t\t\t\t\t\t\t\t\t\t<\/div>\n\t\t\t\t<\/div>\n\t\t\t\t\t<\/div>\n\t\t<\/div>\n\t\t\t\t<div class=\"elementor-column elementor-col-50 elementor-inner-column elementor-element elementor-element-8c46af3\" data-id=\"8c46af3\" data-element_type=\"column\" data-e-type=\"column\">\n\t\t\t<div class=\"elementor-widget-wrap elementor-element-populated\">\n\t\t\t\t\t\t<div class=\"elementor-element elementor-element-bdcefbd elementor-widget elementor-widget-heading\" data-id=\"bdcefbd\" data-element_type=\"widget\" data-e-type=\"widget\" data-widget_type=\"heading.default\">\n\t\t\t\t<div class=\"elementor-widget-container\">\n\t\t\t\t\t<h1 class=\"elementor-heading-title elementor-size-default\">Keliautoj\u0173 namas\u200b<\/h1>\t\t\t\t<\/div>\n\t\t\t\t<\/div>\n\t\t\t\t<div class=\"elementor-element elementor-element-69fdd8b elementor-widget elementor-widget-text-editor\" data-id=\"69fdd8b\" data-element_type=\"widget\" data-e-type=\"widget\" data-widget_type=\"text-editor.default\">\n\t\t\t\t<div class=\"elementor-widget-container\">\n\t\t\t\t\t\t\t\t\t<p>In total, there are 9 rooms (<strong>36 sleeping places<\/strong>). Each room contains a bunk bed, sofa (comfortable double mattress when unfolded), wardrobe for storing items and clothes, and air conditioning. Close by are showers and WC.<\/p>\t\t\t\t\t\t\t\t<\/div>\n\t\t\t\t<\/div>\n\t\t\t\t<div class=\"elementor-element elementor-element-8d59f95 elementor-align-center elementor-widget elementor-widget-button\" data-id=\"8d59f95\" data-element_type=\"widget\" data-e-type=\"widget\" data-widget_type=\"button.default\">\n\t\t\t\t<div class=\"elementor-widget-container\">\n\t\t\t\t\t\t\t\t\t<div class=\"elementor-button-wrapper\">\n\t\t\t\t\t<a class=\"elementor-button elementor-button-link elementor-size-sm\" href=\"https:\/\/keliautojunamai.lt\/en\/keliautoju-namas\/\">\n\t\t\t\t\t\t<span class=\"elementor-button-content-wrapper\">\n\t\t\t\t\t\t\t\t\t<span class=\"elementor-button-text\">More Information<\/span>\n\t\t\t\t\t<\/span>\n\t\t\t\t\t<\/a>\n\t\t\t\t<\/div>\n\t\t\t\t\t\t\t\t<\/div>\n\t\t\t\t<\/div>\n\t\t\t\t\t<\/div>\n\t\t<\/div>\n\t\t\t\t\t<\/div>\n\t\t<\/section>\n\t\t\t\t<section class=\"elementor-section elementor-inner-section elementor-element elementor-element-096a75b elementor-section-content-middle elementor-reverse-mobile elementor-section-full_width elementor-section-height-default elementor-section-height-default\" data-id=\"096a75b\" data-element_type=\"section\" data-e-type=\"section\">\n\t\t\t\t\t\t<div class=\"elementor-container elementor-column-gap-no\">\n\t\t\t\t\t<div class=\"elementor-column elementor-col-50 elementor-inner-column elementor-element elementor-element-d575eb6\" data-id=\"d575eb6\" data-element_type=\"column\" data-e-type=\"column\">\n\t\t\t<div class=\"elementor-widget-wrap elementor-element-populated\">\n\t\t\t\t\t\t<div class=\"elementor-element elementor-element-1cd33d8 elementor-widget elementor-widget-heading\" data-id=\"1cd33d8\" data-element_type=\"widget\" data-e-type=\"widget\" data-widget_type=\"heading.default\">\n\t\t\t\t<div class=\"elementor-widget-container\">\n\t\t\t\t\t<h1 class=\"elementor-heading-title elementor-size-default\">Cottage<\/h1>\t\t\t\t<\/div>\n\t\t\t\t<\/div>\n\t\t\t\t<div class=\"elementor-element elementor-element-6992614 elementor-widget elementor-widget-text-editor\" data-id=\"6992614\" data-element_type=\"widget\" data-e-type=\"widget\" data-widget_type=\"text-editor.default\">\n\t\t\t\t<div class=\"elementor-widget-container\">\n\t\t\t\t\t\t\t\t\t<p>In total, there are 3 rooms (up to\u00a0<b>20<\/b><strong>\u00a0sleeping places<\/strong>).<\/p><p>The rooms include bunk beds, sleeping places, wardrobes for storing items\/clothes, and clothes hangers.<br \/>Close by are showers and WC.<\/p>\t\t\t\t\t\t\t\t<\/div>\n\t\t\t\t<\/div>\n\t\t\t\t<div class=\"elementor-element elementor-element-a639d29 elementor-align-center elementor-widget elementor-widget-button\" data-id=\"a639d29\" data-element_type=\"widget\" data-e-type=\"widget\" data-widget_type=\"button.default\">\n\t\t\t\t<div class=\"elementor-widget-container\">\n\t\t\t\t\t\t\t\t\t<div class=\"elementor-button-wrapper\">\n\t\t\t\t\t<a class=\"elementor-button elementor-button-link elementor-size-sm\" href=\"https:\/\/keliautojunamai.lt\/en\/kluonas\/\">\n\t\t\t\t\t\t<span class=\"elementor-button-content-wrapper\">\n\t\t\t\t\t\t\t\t\t<span class=\"elementor-button-text\">More Information<\/span>\n\t\t\t\t\t<\/span>\n\t\t\t\t\t<\/a>\n\t\t\t\t<\/div>\n\t\t\t\t\t\t\t\t<\/div>\n\t\t\t\t<\/div>\n\t\t\t\t\t<\/div>\n\t\t<\/div>\n\t\t\t\t<div class=\"elementor-column elementor-col-50 elementor-inner-column elementor-element elementor-element-322eaa8\" data-id=\"322eaa8\" data-element_type=\"column\" data-e-type=\"column\">\n\t\t\t<div class=\"elementor-widget-wrap elementor-element-populated\">\n\t\t\t\t\t\t<div class=\"elementor-element elementor-element-4a91468 elementor-widget elementor-widget-image\" data-id=\"4a91468\" data-element_type=\"widget\" data-e-type=\"widget\" data-widget_type=\"image.default\">\n\t\t\t\t<div class=\"elementor-widget-container\">\n\t\t\t\t\t\t\t\t\t\t\t\t\t\t\t\t<a href=\"https:\/\/keliautojunamai.lt\/en\/kluonas\/\">\n\t\t\t\t\t\t\t<img decoding=\"async\" width=\"2560\" height=\"1709\" src=\"https:\/\/keliautojunamai.lt\/wp-content\/uploads\/2023\/07\/nameliai-25-scaled.jpg\" class=\"attachment-full size-full wp-image-2078\" alt=\"\" srcset=\"https:\/\/keliautojunamai.lt\/wp-content\/uploads\/2023\/07\/nameliai-25-scaled.jpg 2560w, https:\/\/keliautojunamai.lt\/wp-content\/uploads\/2023\/07\/nameliai-25-300x200.jpg 300w, https:\/\/keliautojunamai.lt\/wp-content\/uploads\/2023\/07\/nameliai-25-1024x684.jpg 1024w, https:\/\/keliautojunamai.lt\/wp-content\/uploads\/2023\/07\/nameliai-25-768x513.jpg 768w, https:\/\/keliautojunamai.lt\/wp-content\/uploads\/2023\/07\/nameliai-25-1536x1025.jpg 1536w, https:\/\/keliautojunamai.lt\/wp-content\/uploads\/2023\/07\/nameliai-25-2048x1367.jpg 2048w\" sizes=\"(max-width: 2560px) 100vw, 2560px\" \/>\t\t\t\t\t\t\t\t<\/a>\n\t\t\t\t\t\t\t\t\t\t\t\t\t\t\t<\/div>\n\t\t\t\t<\/div>\n\t\t\t\t\t<\/div>\n\t\t<\/div>\n\t\t\t\t\t<\/div>\n\t\t<\/section>\n\t\t\t\t<section class=\"elementor-section elementor-inner-section elementor-element elementor-element-6a0f93c elementor-section-content-middle elementor-section-full_width elementor-section-height-default elementor-section-height-default\" data-id=\"6a0f93c\" data-element_type=\"section\" data-e-type=\"section\">\n\t\t\t\t\t\t<div class=\"elementor-container elementor-column-gap-no\">\n\t\t\t\t\t<div class=\"elementor-column elementor-col-50 elementor-inner-column elementor-element elementor-element-1918fb1\" data-id=\"1918fb1\" data-element_type=\"column\" data-e-type=\"column\">\n\t\t\t<div class=\"elementor-widget-wrap elementor-element-populated\">\n\t\t\t\t\t\t<div class=\"elementor-element elementor-element-4247866 elementor-widget elementor-widget-image\" data-id=\"4247866\" data-element_type=\"widget\" data-e-type=\"widget\" data-widget_type=\"image.default\">\n\t\t\t\t<div class=\"elementor-widget-container\">\n\t\t\t\t\t\t\t\t\t\t\t\t\t\t\t\t<a href=\"https:\/\/keliautojunamai.lt\/en\/aukstaiciu-namas\/\">\n\t\t\t\t\t\t\t<img decoding=\"async\" width=\"2560\" height=\"1709\" src=\"https:\/\/keliautojunamai.lt\/wp-content\/uploads\/2023\/09\/nameliai-26-scaled.jpg\" class=\"attachment-full size-full wp-image-2113\" alt=\"\" srcset=\"https:\/\/keliautojunamai.lt\/wp-content\/uploads\/2023\/09\/nameliai-26-scaled.jpg 2560w, https:\/\/keliautojunamai.lt\/wp-content\/uploads\/2023\/09\/nameliai-26-300x200.jpg 300w, https:\/\/keliautojunamai.lt\/wp-content\/uploads\/2023\/09\/nameliai-26-1024x683.jpg 1024w, https:\/\/keliautojunamai.lt\/wp-content\/uploads\/2023\/09\/nameliai-26-768x513.jpg 768w, https:\/\/keliautojunamai.lt\/wp-content\/uploads\/2023\/09\/nameliai-26-1536x1025.jpg 1536w, https:\/\/keliautojunamai.lt\/wp-content\/uploads\/2023\/09\/nameliai-26-2048x1367.jpg 2048w\" sizes=\"(max-width: 2560px) 100vw, 2560px\" \/>\t\t\t\t\t\t\t\t<\/a>\n\t\t\t\t\t\t\t\t\t\t\t\t\t\t\t<\/div>\n\t\t\t\t<\/div>\n\t\t\t\t\t<\/div>\n\t\t<\/div>\n\t\t\t\t<div class=\"elementor-column elementor-col-50 elementor-inner-column elementor-element elementor-element-57d33c1\" data-id=\"57d33c1\" data-element_type=\"column\" data-e-type=\"column\">\n\t\t\t<div class=\"elementor-widget-wrap elementor-element-populated\">\n\t\t\t\t\t\t<div class=\"elementor-element elementor-element-f1ca85c elementor-widget elementor-widget-heading\" data-id=\"f1ca85c\" data-element_type=\"widget\" data-e-type=\"widget\" data-widget_type=\"heading.default\">\n\t\t\t\t<div class=\"elementor-widget-container\">\n\t\t\t\t\t<h1 class=\"elementor-heading-title elementor-size-default\">Auk\u0161tai\u010diai house<\/h1>\t\t\t\t<\/div>\n\t\t\t\t<\/div>\n\t\t\t\t<div class=\"elementor-element elementor-element-707c5ba elementor-widget elementor-widget-text-editor\" data-id=\"707c5ba\" data-element_type=\"widget\" data-e-type=\"widget\" data-widget_type=\"text-editor.default\">\n\t\t\t\t<div class=\"elementor-widget-container\">\n\t\t\t\t\t\t\t\t\t<p><b>Auk\u0161tai\u010diai house <\/b>\u2013 an area with <b>2 bedrooms <\/b><span style=\"font-weight: bold; text-align: left; color: var( --e-global-color-9a06b97 ); background-color: var( --e-global-color-astglobalcolor4 );\">(6 sleeping places)<\/span><span style=\"font-style: inherit; font-weight: inherit; color: var( --e-global-color-9a06b97 ); background-color: var( --e-global-color-astglobalcolor4 );\">. The rooms include small kitchens, utensils, stoves, sleeping places, wardrobes for storing items\/clothes, and air conditioning. Each room has separate WC and showers.<\/span><\/p>\t\t\t\t\t\t\t\t<\/div>\n\t\t\t\t<\/div>\n\t\t\t\t<div class=\"elementor-element elementor-element-1ea0b93 elementor-align-center elementor-widget elementor-widget-button\" data-id=\"1ea0b93\" data-element_type=\"widget\" data-e-type=\"widget\" data-widget_type=\"button.default\">\n\t\t\t\t<div class=\"elementor-widget-container\">\n\t\t\t\t\t\t\t\t\t<div class=\"elementor-button-wrapper\">\n\t\t\t\t\t<a class=\"elementor-button elementor-button-link elementor-size-sm\" href=\"https:\/\/keliautojunamai.lt\/en\/aukstaiciu-namas\/\">\n\t\t\t\t\t\t<span class=\"elementor-button-content-wrapper\">\n\t\t\t\t\t\t\t\t\t<span class=\"elementor-button-text\">More Information<\/span>\n\t\t\t\t\t<\/span>\n\t\t\t\t\t<\/a>\n\t\t\t\t<\/div>\n\t\t\t\t\t\t\t\t<\/div>\n\t\t\t\t<\/div>\n\t\t\t\t\t<\/div>\n\t\t<\/div>\n\t\t\t\t\t<\/div>\n\t\t<\/section>\n\t\t\t\t\t<\/div>\n\t\t<\/div>\n\t\t\t\t\t<\/div>\n\t\t<\/section>\n\t\t\t\t<\/div>","protected":false},"excerpt":{"rendered":"<p>Keliautoj\u0173 namai 12 Kambari\u0173 58 Miegamos vietos WC ir du\u0161ai Patalpos Pagrindiniame Keliautoj\u0173 namo pastate yra did\u017eiul\u0117 sal\u0117 \u012fvairiausioms \u0161vent\u0117ms \u0161v\u0119sti ar organizuoti konferencijas, saviugdos, sveikatingumo ir vaik\u0173 vasaros stovyklas. Sal\u0117je per renginius talpiname iki 50 asmen\u0173. Sal\u0117 yra panoraminiais langais, \u012frengti kondicionieriai, paruo\u0161tos erdv\u0117s konferencijoms. Didel\u0117 lauko terasa skirta vasaros renginiams, pasis\u0117d\u0117jimams. Viso yra &hellip;<\/p>\n<p class=\"read-more\"> <a class=\"\" href=\"https:\/\/keliautojunamai.lt\/en\/patalpu-nuoma\/\"> <span class=\"screen-reader-text\">Patalpu Nuoma<\/span> Read More &raquo;<\/a><\/p>","protected":false},"author":1,"featured_media":0,"parent":0,"menu_order":0,"comment_status":"closed","ping_status":"closed","template":"elementor_header_footer","meta":{"site-sidebar-layout":"no-sidebar","site-content-layout":"page-builder","ast-global-header-display":"","ast-main-header-display":"","ast-hfb-above-header-display":"","ast-hfb-below-header-display":"","ast-hfb-mobile-header-display":"","site-post-title":"disabled","ast-breadcrumbs-content":"","ast-featured-img":"disabled","footer-sml-layout":"","theme-transparent-header-meta":"enabled","adv-header-id-meta":"","stick-header-meta":"","header-above-stick-meta":"","header-main-stick-meta":"","header-below-stick-meta":"","footnotes":""},"class_list":["post-1564","page","type-page","status-publish","hentry"],"jetpack_sharing_enabled":true,"_links":{"self":[{"href":"https:\/\/keliautojunamai.lt\/en\/wp-json\/wp\/v2\/pages\/1564"}],"collection":[{"href":"https:\/\/keliautojunamai.lt\/en\/wp-json\/wp\/v2\/pages"}],"about":[{"href":"https:\/\/keliautojunamai.lt\/en\/wp-json\/wp\/v2\/types\/page"}],"author":[{"embeddable":true,"href":"https:\/\/keliautojunamai.lt\/en\/wp-json\/wp\/v2\/users\/1"}],"replies":[{"embeddable":true,"href":"https:\/\/keliautojunamai.lt\/en\/wp-json\/wp\/v2\/comments?post=1564"}],"version-history":[{"count":95,"href":"https:\/\/keliautojunamai.lt\/en\/wp-json\/wp\/v2\/pages\/1564\/revisions"}],"predecessor-version":[{"id":4178,"href":"https:\/\/keliautojunamai.lt\/en\/wp-json\/wp\/v2\/pages\/1564\/revisions\/4178"}],"wp:attachment":[{"href":"https:\/\/keliautojunamai.lt\/en\/wp-json\/wp\/v2\/media?parent=1564"}],"curies":[{"name":"wp","href":"https:\/\/api.w.org\/{rel}","templated":true}]}}