{"id":2505,"date":"2023-09-17T08:53:28","date_gmt":"2023-09-17T08:53:28","guid":{"rendered":"https:\/\/keliautojunamai.lt\/?page_id=2505"},"modified":"2025-11-06T20:22:58","modified_gmt":"2025-11-06T20:22:58","slug":"vandenlenciu-parkas","status":"publish","type":"page","link":"https:\/\/keliautojunamai.lt\/en\/vandenlenciu-parkas\/","title":{"rendered":"Wakeboard park"},"content":{"rendered":"<div data-elementor-type=\"wp-page\" data-elementor-id=\"2505\" class=\"elementor elementor-2505\" data-elementor-post-type=\"page\">\n\t\t\t\t\t\t<section class=\"elementor-section elementor-top-section elementor-element elementor-element-9074618 elementor-section-height-min-height elementor-section-boxed elementor-section-height-default elementor-section-items-middle\" data-id=\"9074618\" data-element_type=\"section\" data-e-type=\"section\" data-settings=\"{&quot;background_background&quot;:&quot;video&quot;,&quot;background_video_link&quot;:&quot;https:\\\/\\\/www.youtube.com\\\/watch?v=IP-qE4zWF5o&quot;,&quot;background_video_start&quot;:9,&quot;background_video_end&quot;:18,&quot;background_play_on_mobile&quot;:&quot;yes&quot;,&quot;background_privacy_mode&quot;:&quot;yes&quot;}\">\n\t\t\t\t\t\t\t\t<div class=\"elementor-background-video-container\">\n\t\t\t\t\t\t\t\t\t\t\t\t\t<div class=\"elementor-background-video-embed\" role=\"presentation\"><\/div>\n\t\t\t\t\t\t\t\t\t\t\t\t<\/div>\n\t\t\t\t\t\t\t\t\t<div class=\"elementor-background-overlay\"><\/div>\n\t\t\t\t\t\t\t<div class=\"elementor-container elementor-column-gap-default\">\n\t\t\t\t\t<div class=\"elementor-column elementor-col-100 elementor-top-column elementor-element elementor-element-00c7257\" data-id=\"00c7257\" data-element_type=\"column\" data-e-type=\"column\">\n\t\t\t<div class=\"elementor-widget-wrap elementor-element-populated\">\n\t\t\t\t\t\t<div class=\"elementor-element elementor-element-5a600b9 elementor-widget elementor-widget-heading\" data-id=\"5a600b9\" data-element_type=\"widget\" data-e-type=\"widget\" data-widget_type=\"heading.default\">\n\t\t\t\t<div class=\"elementor-widget-container\">\n\t\t\t\t\t<h1 class=\"elementor-heading-title elementor-size-default\">Vandenlen\u010di\u0173 parkas Keliautoj\u0173 Namuose<\/h1>\t\t\t\t<\/div>\n\t\t\t\t<\/div>\n\t\t\t\t<div class=\"elementor-element elementor-element-a4d013f elementor-widget elementor-widget-text-editor\" data-id=\"a4d013f\" data-element_type=\"widget\" data-e-type=\"widget\" data-widget_type=\"text-editor.default\">\n\t\t\t\t<div class=\"elementor-widget-container\">\n\t\t\t\t\t\t\t\t\t<p>Adrenalino ir laisv\u0117s oaz\u0117 Trakuose. Pirmi \u017eingsniai ant lentos ar nauji triukai \u2013 mes pad\u0117sime \u012fgyvendinti visk\u0105.<\/p>\t\t\t\t\t\t\t\t<\/div>\n\t\t\t\t<\/div>\n\t\t\t\t<section class=\"elementor-section elementor-inner-section elementor-element elementor-element-f437741 elementor-section-boxed elementor-section-height-default elementor-section-height-default\" data-id=\"f437741\" data-element_type=\"section\" data-e-type=\"section\">\n\t\t\t\t\t\t<div class=\"elementor-container elementor-column-gap-default\">\n\t\t\t\t\t<div class=\"elementor-column elementor-col-100 elementor-inner-column elementor-element elementor-element-5abab9d\" data-id=\"5abab9d\" data-element_type=\"column\" data-e-type=\"column\">\n\t\t\t<div class=\"elementor-widget-wrap elementor-element-populated\">\n\t\t\t\t\t\t<div class=\"elementor-element elementor-element-b5afffb elementor-align-center elementor-widget elementor-widget-button\" data-id=\"b5afffb\" data-element_type=\"widget\" data-e-type=\"widget\" data-widget_type=\"button.default\">\n\t\t\t\t<div class=\"elementor-widget-container\">\n\t\t\t\t\t\t\t\t\t<div class=\"elementor-button-wrapper\">\n\t\t\t\t\t<a class=\"elementor-button elementor-button-link elementor-size-sm elementor-animation-shrink\" href=\"#apie\">\n\t\t\t\t\t\t<span class=\"elementor-button-content-wrapper\">\n\t\t\t\t\t\t\t\t\t<span class=\"elementor-button-text\">Su\u017einokite daugiau<\/span>\n\t\t\t\t\t<\/span>\n\t\t\t\t\t<\/a>\n\t\t\t\t<\/div>\n\t\t\t\t\t\t\t\t<\/div>\n\t\t\t\t<\/div>\n\t\t\t\t\t<\/div>\n\t\t<\/div>\n\t\t\t\t\t<\/div>\n\t\t<\/section>\n\t\t\t\t\t<\/div>\n\t\t<\/div>\n\t\t\t\t\t<\/div>\n\t\t<\/section>\n\t\t\t\t<section class=\"elementor-section elementor-top-section elementor-element elementor-element-c6f9545 elementor-section-full_width elementor-section-height-default elementor-section-height-default elementor-invisible\" data-id=\"c6f9545\" data-element_type=\"section\" data-e-type=\"section\" id=\"apie\" data-settings=\"{&quot;animation&quot;:&quot;fadeIn&quot;}\">\n\t\t\t\t\t\t<div class=\"elementor-container elementor-column-gap-default\">\n\t\t\t\t\t<div class=\"elementor-column elementor-col-50 elementor-top-column elementor-element elementor-element-bf9d2cd\" data-id=\"bf9d2cd\" data-element_type=\"column\" data-e-type=\"column\">\n\t\t\t<div class=\"elementor-widget-wrap elementor-element-populated\">\n\t\t\t\t\t\t<div class=\"elementor-element elementor-element-8574abf elementor-widget elementor-widget-text-editor\" data-id=\"8574abf\" data-element_type=\"widget\" data-e-type=\"widget\" data-widget_type=\"text-editor.default\">\n\t\t\t\t<div class=\"elementor-widget-container\">\n\t\t\t\t\t\t\t\t\t<p>Vandenlen\u010di\u0173 parkas Keliautoj\u0173 Namuose \u2013 tai vieta, kur susijungia sportas, nuotykis ir gamtos gro\u017eis<\/p>\t\t\t\t\t\t\t\t<\/div>\n\t\t\t\t<\/div>\n\t\t\t\t<div class=\"elementor-element elementor-element-40d9aaf elementor-widget elementor-widget-text-editor\" data-id=\"40d9aaf\" data-element_type=\"widget\" data-e-type=\"widget\" data-widget_type=\"text-editor.default\">\n\t\t\t\t<div class=\"elementor-widget-container\">\n\t\t\t\t\t\t\t\t\t<p data-start=\"811\" data-end=\"1064\">Nesvarbu, ar pirm\u0105 kart\u0105 stojate ant lentos, ar esate patyr\u0119s sportininkas \u2013 m\u016bs\u0173 profesional\u016bs instruktoriai pad\u0117s \u012fgyvendinti visus j\u016bs\u0173 tikslus.<\/p><p data-start=\"1070\" data-end=\"1340\">Si\u016blome individualias ir grupines pamokas, tod\u0117l galite pasirinkti jums patogiausi\u0105 variant\u0105. M\u016bs\u0173 parko lankytojams suteikiama visa reikalinga \u012franga: vandenlen\u010di\u0173 lentos, liemen\u0117s, \u0161alm\u0173 apsauga.<\/p><p data-start=\"1070\" data-end=\"1340\">Jums tereikia atsine\u0161ti ger\u0105 nuotaik\u0105 ir pasiruo\u0161ti adrenalino bangai!<\/p><p data-start=\"1070\" data-end=\"1340\">\u00a0<\/p><p data-start=\"1346\" data-end=\"1634\">M\u016bs\u0173 parkas \u012fsik\u016br\u0119s nuostabioje Trak\u0173 gamtos apsuptyje \u2013 \u017eydintis e\u017eer\u0173 kra\u0161tovaizdis ir gaivus vanduo u\u017etikrins nepakartojam\u0105 patirt\u012f tiek individualiai, tiek su draugais ar \u0161eima. Vandenlen\u010di\u0173 parkas Keliautoj\u0173 Namuose \u2013 tai daugiau nei sportas, tai nepamir\u0161tama pramoga kiekvienam.\u201c<\/p>\t\t\t\t\t\t\t\t<\/div>\n\t\t\t\t<\/div>\n\t\t\t\t\t<\/div>\n\t\t<\/div>\n\t\t\t\t<div class=\"elementor-column elementor-col-50 elementor-top-column elementor-element elementor-element-2f2c827\" data-id=\"2f2c827\" data-element_type=\"column\" data-e-type=\"column\">\n\t\t\t<div class=\"elementor-widget-wrap elementor-element-populated\">\n\t\t\t\t\t\t<div class=\"elementor-element elementor-element-57a46c6 elementor-widget elementor-widget-image\" data-id=\"57a46c6\" data-element_type=\"widget\" data-e-type=\"widget\" data-widget_type=\"image.default\">\n\t\t\t\t<div class=\"elementor-widget-container\">\n\t\t\t\t\t\t\t\t\t\t\t\t\t\t\t<img fetchpriority=\"high\" decoding=\"async\" width=\"1024\" height=\"683\" src=\"https:\/\/keliautojunamai.lt\/wp-content\/uploads\/2025\/03\/received_980034180123485-1024x683.jpeg\" class=\"attachment-large size-large wp-image-4048\" alt=\"\" srcset=\"https:\/\/keliautojunamai.lt\/wp-content\/uploads\/2025\/03\/received_980034180123485-1024x683.jpeg 1024w, https:\/\/keliautojunamai.lt\/wp-content\/uploads\/2025\/03\/received_980034180123485-300x200.jpeg 300w, https:\/\/keliautojunamai.lt\/wp-content\/uploads\/2025\/03\/received_980034180123485-768x512.jpeg 768w, https:\/\/keliautojunamai.lt\/wp-content\/uploads\/2025\/03\/received_980034180123485-1536x1024.jpeg 1536w, https:\/\/keliautojunamai.lt\/wp-content\/uploads\/2025\/03\/received_980034180123485-18x12.jpeg 18w, https:\/\/keliautojunamai.lt\/wp-content\/uploads\/2025\/03\/received_980034180123485.jpeg 2048w\" sizes=\"(max-width: 1024px) 100vw, 1024px\" \/>\t\t\t\t\t\t\t\t\t\t\t\t\t\t\t<\/div>\n\t\t\t\t<\/div>\n\t\t\t\t<section class=\"elementor-section elementor-inner-section elementor-element elementor-element-43447a7 elementor-hidden-tablet elementor-hidden-mobile elementor-section-boxed elementor-section-height-default elementor-section-height-default\" data-id=\"43447a7\" data-element_type=\"section\" data-e-type=\"section\">\n\t\t\t\t\t\t<div class=\"elementor-container elementor-column-gap-default\">\n\t\t\t\t\t<div class=\"elementor-column elementor-col-50 elementor-inner-column elementor-element elementor-element-b420194\" data-id=\"b420194\" data-element_type=\"column\" data-e-type=\"column\">\n\t\t\t<div class=\"elementor-widget-wrap elementor-element-populated\">\n\t\t\t\t\t\t<div class=\"elementor-element elementor-element-976fdcc elementor-widget elementor-widget-image\" data-id=\"976fdcc\" data-element_type=\"widget\" data-e-type=\"widget\" data-widget_type=\"image.default\">\n\t\t\t\t<div class=\"elementor-widget-container\">\n\t\t\t\t\t\t\t\t\t\t\t\t\t\t\t<img decoding=\"async\" width=\"1024\" height=\"683\" src=\"https:\/\/keliautojunamai.lt\/wp-content\/uploads\/2023\/09\/1000017338-1024x683.jpg\" class=\"attachment-large size-large wp-image-2919\" alt=\"\" srcset=\"https:\/\/keliautojunamai.lt\/wp-content\/uploads\/2023\/09\/1000017338-1024x683.jpg 1024w, https:\/\/keliautojunamai.lt\/wp-content\/uploads\/2023\/09\/1000017338-300x200.jpg 300w, https:\/\/keliautojunamai.lt\/wp-content\/uploads\/2023\/09\/1000017338-768x512.jpg 768w, https:\/\/keliautojunamai.lt\/wp-content\/uploads\/2023\/09\/1000017338-1536x1024.jpg 1536w, https:\/\/keliautojunamai.lt\/wp-content\/uploads\/2023\/09\/1000017338.jpg 2048w\" sizes=\"(max-width: 1024px) 100vw, 1024px\" \/>\t\t\t\t\t\t\t\t\t\t\t\t\t\t\t<\/div>\n\t\t\t\t<\/div>\n\t\t\t\t\t<\/div>\n\t\t<\/div>\n\t\t\t\t<div class=\"elementor-column elementor-col-50 elementor-inner-column elementor-element elementor-element-316cae2\" data-id=\"316cae2\" data-element_type=\"column\" data-e-type=\"column\">\n\t\t\t<div class=\"elementor-widget-wrap elementor-element-populated\">\n\t\t\t\t\t\t<div class=\"elementor-element elementor-element-a4ab700 elementor-widget elementor-widget-image\" data-id=\"a4ab700\" data-element_type=\"widget\" data-e-type=\"widget\" data-widget_type=\"image.default\">\n\t\t\t\t<div class=\"elementor-widget-container\">\n\t\t\t\t\t\t\t\t\t\t\t\t\t\t\t<img decoding=\"async\" width=\"1024\" height=\"683\" src=\"https:\/\/keliautojunamai.lt\/wp-content\/uploads\/2023\/09\/\u201eWhatsApp-Atvaizdas-2023-09-19-14.32.52_koreg3-1024x683.jpg\" class=\"attachment-large size-large wp-image-2947\" alt=\"\" srcset=\"https:\/\/keliautojunamai.lt\/wp-content\/uploads\/2023\/09\/\u201eWhatsApp-Atvaizdas-2023-09-19-14.32.52_koreg3-1024x683.jpg 1024w, https:\/\/keliautojunamai.lt\/wp-content\/uploads\/2023\/09\/\u201eWhatsApp-Atvaizdas-2023-09-19-14.32.52_koreg3-300x200.jpg 300w, https:\/\/keliautojunamai.lt\/wp-content\/uploads\/2023\/09\/\u201eWhatsApp-Atvaizdas-2023-09-19-14.32.52_koreg3-768x512.jpg 768w, https:\/\/keliautojunamai.lt\/wp-content\/uploads\/2023\/09\/\u201eWhatsApp-Atvaizdas-2023-09-19-14.32.52_koreg3-1536x1024.jpg 1536w, https:\/\/keliautojunamai.lt\/wp-content\/uploads\/2023\/09\/\u201eWhatsApp-Atvaizdas-2023-09-19-14.32.52_koreg3.jpg 2048w\" sizes=\"(max-width: 1024px) 100vw, 1024px\" \/>\t\t\t\t\t\t\t\t\t\t\t\t\t\t\t<\/div>\n\t\t\t\t<\/div>\n\t\t\t\t\t<\/div>\n\t\t<\/div>\n\t\t\t\t\t<\/div>\n\t\t<\/section>\n\t\t\t\t\t<\/div>\n\t\t<\/div>\n\t\t\t\t\t<\/div>\n\t\t<\/section>\n\t\t\t\t<section class=\"elementor-section elementor-top-section elementor-element elementor-element-b226f3e elementor-section-full_width elementor-section-height-default elementor-section-height-default\" data-id=\"b226f3e\" data-element_type=\"section\" data-e-type=\"section\">\n\t\t\t\t\t\t<div class=\"elementor-container elementor-column-gap-default\">\n\t\t\t\t\t<div class=\"elementor-column elementor-col-100 elementor-top-column elementor-element elementor-element-1327cbd\" data-id=\"1327cbd\" data-element_type=\"column\" data-e-type=\"column\">\n\t\t\t<div class=\"elementor-widget-wrap elementor-element-populated\">\n\t\t\t\t\t\t<div class=\"elementor-element elementor-element-34ae4c06 elementor-skin-carousel elementor-arrows-yes elementor-pagination-type-bullets elementor-pagination-position-outside elementor-widget elementor-widget-media-carousel\" data-id=\"34ae4c06\" data-element_type=\"widget\" data-e-type=\"widget\" data-settings=\"{&quot;space_between&quot;:{&quot;unit&quot;:&quot;px&quot;,&quot;size&quot;:29,&quot;sizes&quot;:[]},&quot;slides_per_view&quot;:&quot;3&quot;,&quot;skin&quot;:&quot;carousel&quot;,&quot;effect&quot;:&quot;slide&quot;,&quot;show_arrows&quot;:&quot;yes&quot;,&quot;pagination&quot;:&quot;bullets&quot;,&quot;speed&quot;:500,&quot;autoplay&quot;:&quot;yes&quot;,&quot;autoplay_speed&quot;:5000,&quot;loop&quot;:&quot;yes&quot;,&quot;pause_on_hover&quot;:&quot;yes&quot;,&quot;pause_on_interaction&quot;:&quot;yes&quot;,&quot;space_between_tablet&quot;:{&quot;unit&quot;:&quot;px&quot;,&quot;size&quot;:10,&quot;sizes&quot;:[]},&quot;space_between_mobile&quot;:{&quot;unit&quot;:&quot;px&quot;,&quot;size&quot;:10,&quot;sizes&quot;:[]}}\" data-widget_type=\"media-carousel.default\">\n\t\t\t\t<div class=\"elementor-widget-container\">\n\t\t\t\t\t\t\t<div class=\"elementor-swiper\">\n\t\t\t<div class=\"elementor-main-swiper swiper-container\">\n\t\t\t\t<div class=\"swiper-wrapper\">\n\t\t\t\t\t\t\t\t\t\t\t<div class=\"swiper-slide\">\n\t\t\t\t\t\t\t\t\t<div class=\"elementor-carousel-image\" role=\"img\" aria-label=\"\u201eWhatsApp\u201c Atvaizdas, 2023-09-18, 13.58.56\" style=\"background-image: url(&#039;https:\/\/keliautojunamai.lt\/wp-content\/uploads\/2023\/09\/\u201eWhatsApp-Atvaizdas-2023-09-18-13.58.56.jpg&#039;)\">\n\n\t\t\t\n\t\t\t\t\t<\/div>\n\t\t\t\t\t\t\t\t<\/div>\n\t\t\t\t\t\t\t\t\t\t\t<div class=\"swiper-slide\">\n\t\t\t\t\t\t\t\t\t<div class=\"elementor-carousel-image\" role=\"img\" aria-label=\"1000017339\" style=\"background-image: url(&#039;https:\/\/keliautojunamai.lt\/wp-content\/uploads\/2023\/09\/1000017339.jpg&#039;)\">\n\n\t\t\t\n\t\t\t\t\t<\/div>\n\t\t\t\t\t\t\t\t<\/div>\n\t\t\t\t\t\t\t\t\t\t\t<div class=\"swiper-slide\">\n\t\t\t\t\t\t\t\t\t<div class=\"elementor-carousel-image\" role=\"img\" aria-label=\"received_3897778880496833\" style=\"background-image: url(&#039;https:\/\/keliautojunamai.lt\/wp-content\/uploads\/2025\/03\/received_3897778880496833.jpeg&#039;)\">\n\n\t\t\t\n\t\t\t\t\t<\/div>\n\t\t\t\t\t\t\t\t<\/div>\n\t\t\t\t\t\t\t\t\t\t\t<div class=\"swiper-slide\">\n\t\t\t\t\t\t\t\t\t<div class=\"elementor-carousel-image\" role=\"img\" aria-label=\"received_1161055669069950\" style=\"background-image: url(&#039;https:\/\/keliautojunamai.lt\/wp-content\/uploads\/2025\/03\/received_1161055669069950.jpeg&#039;)\">\n\n\t\t\t\n\t\t\t\t\t<\/div>\n\t\t\t\t\t\t\t\t<\/div>\n\t\t\t\t\t\t\t\t\t\t\t<div class=\"swiper-slide\">\n\t\t\t\t\t\t\t\t\t<div class=\"elementor-carousel-image\" role=\"img\" aria-label=\"1000017337\" style=\"background-image: url(&#039;https:\/\/keliautojunamai.lt\/wp-content\/uploads\/2023\/09\/1000017337.jpg&#039;)\">\n\n\t\t\t\n\t\t\t\t\t<\/div>\n\t\t\t\t\t\t\t\t<\/div>\n\t\t\t\t\t\t\t\t\t\t\t<div class=\"swiper-slide\">\n\t\t\t\t\t\t\t\t\t<div class=\"elementor-carousel-image\" role=\"img\" aria-label=\"Keliautoju namai ( Abaliukai ) (36 of 80)\" style=\"background-image: url(&#039;https:\/\/keliautojunamai.lt\/wp-content\/uploads\/2023\/09\/Keliautoju-namai-Abaliukai-36-of-80-scaled.jpg&#039;)\">\n\n\t\t\t\n\t\t\t\t\t<\/div>\n\t\t\t\t\t\t\t\t<\/div>\n\t\t\t\t\t\t\t\t\t\t\t<div class=\"swiper-slide\">\n\t\t\t\t\t\t\t\t\t<div class=\"elementor-carousel-image\" role=\"img\" aria-label=\"1000017338\" style=\"background-image: url(&#039;https:\/\/keliautojunamai.lt\/wp-content\/uploads\/2023\/09\/1000017338.jpg&#039;)\">\n\n\t\t\t\n\t\t\t\t\t<\/div>\n\t\t\t\t\t\t\t\t<\/div>\n\t\t\t\t\t\t\t\t\t\t\t<div class=\"swiper-slide\">\n\t\t\t\t\t\t\t\t\t<div class=\"elementor-carousel-image\" role=\"img\" aria-label=\"received_1148999813237979\" style=\"background-image: url(&#039;https:\/\/keliautojunamai.lt\/wp-content\/uploads\/2025\/03\/received_1148999813237979.jpeg&#039;)\">\n\n\t\t\t\n\t\t\t\t\t<\/div>\n\t\t\t\t\t\t\t\t<\/div>\n\t\t\t\t\t\t\t\t\t\t\t<div class=\"swiper-slide\">\n\t\t\t\t\t\t\t\t\t<div class=\"elementor-carousel-image\" role=\"img\" aria-label=\"DCIM100MEDIADJI_0621.JPG\" style=\"background-image: url(&#039;https:\/\/keliautojunamai.lt\/wp-content\/uploads\/2023\/09\/skrydis-2-1.jpg&#039;)\">\n\n\t\t\t\n\t\t\t\t\t<\/div>\n\t\t\t\t\t\t\t\t<\/div>\n\t\t\t\t\t\t\t\t\t\t\t<div class=\"swiper-slide\">\n\t\t\t\t\t\t\t\t\t<div class=\"elementor-carousel-image\" role=\"img\" aria-label=\"received_620230677268196\" style=\"background-image: url(&#039;https:\/\/keliautojunamai.lt\/wp-content\/uploads\/2025\/03\/received_620230677268196.jpeg&#039;)\">\n\n\t\t\t\n\t\t\t\t\t<\/div>\n\t\t\t\t\t\t\t\t<\/div>\n\t\t\t\t\t\t\t\t\t\t\t<div class=\"swiper-slide\">\n\t\t\t\t\t\t\t\t\t<div class=\"elementor-carousel-image\" role=\"img\" aria-label=\"received_980034180123485\" style=\"background-image: url(&#039;https:\/\/keliautojunamai.lt\/wp-content\/uploads\/2025\/03\/received_980034180123485.jpeg&#039;)\">\n\n\t\t\t\n\t\t\t\t\t<\/div>\n\t\t\t\t\t\t\t\t<\/div>\n\t\t\t\t\t\t\t\t\t\t\t<div class=\"swiper-slide\">\n\t\t\t\t\t\t\t\t\t<div class=\"elementor-carousel-image\" role=\"img\" aria-label=\"received_9260707867321574\" style=\"background-image: url(&#039;https:\/\/keliautojunamai.lt\/wp-content\/uploads\/2025\/03\/received_9260707867321574.jpeg&#039;)\">\n\n\t\t\t\n\t\t\t\t\t<\/div>\n\t\t\t\t\t\t\t\t<\/div>\n\t\t\t\t\t\t\t\t\t<\/div>\n\t\t\t\t\t\t\t\t\t\t\t\t\t\t\t<div class=\"swiper-pagination\"><\/div>\n\t\t\t\t\t\t\t\t\t\t\t\t\t\t\t\t<div class=\"elementor-swiper-button elementor-swiper-button-prev\" role=\"button\" tabindex=\"0\">\n\t\t\t\t\t\t\t<i aria-hidden=\"true\" class=\"eicon-chevron-left\"><\/i>\t\t\t\t\t\t\t<span class=\"elementor-screen-only\">Previous<\/span>\n\t\t\t\t\t\t<\/div>\n\t\t\t\t\t\t<div class=\"elementor-swiper-button elementor-swiper-button-next\" role=\"button\" tabindex=\"0\">\n\t\t\t\t\t\t\t<i aria-hidden=\"true\" class=\"eicon-chevron-right\"><\/i>\t\t\t\t\t\t\t<span class=\"elementor-screen-only\">Next<\/span>\n\t\t\t\t\t\t<\/div>\n\t\t\t\t\t\t\t\t\t\t\t\t<\/div>\n\t\t<\/div>\n\t\t\t\t\t\t<\/div>\n\t\t\t\t<\/div>\n\t\t\t\t\t<\/div>\n\t\t<\/div>\n\t\t\t\t\t<\/div>\n\t\t<\/section>\n\t\t\t\t<section class=\"elementor-section elementor-top-section elementor-element elementor-element-0439da5 elementor-section-full_width elementor-section-height-min-height elementor-section-height-default elementor-section-items-middle\" data-id=\"0439da5\" data-element_type=\"section\" data-e-type=\"section\">\n\t\t\t\t\t\t<div class=\"elementor-container elementor-column-gap-default\">\n\t\t\t\t\t<div class=\"elementor-column elementor-col-100 elementor-top-column elementor-element elementor-element-4b49ae8\" data-id=\"4b49ae8\" data-element_type=\"column\" data-e-type=\"column\">\n\t\t\t<div class=\"elementor-widget-wrap elementor-element-populated\">\n\t\t\t\t\t\t<div class=\"elementor-element elementor-element-f4a0d55 elementor-widget elementor-widget-video\" data-id=\"f4a0d55\" data-element_type=\"widget\" data-e-type=\"widget\" data-settings=\"{&quot;youtube_url&quot;:&quot;https:\\\/\\\/www.youtube.com\\\/watch?v=IP-qE4zWF5o&quot;,&quot;yt_privacy&quot;:&quot;yes&quot;,&quot;video_type&quot;:&quot;youtube&quot;,&quot;controls&quot;:&quot;yes&quot;}\" data-widget_type=\"video.default\">\n\t\t\t\t<div class=\"elementor-widget-container\">\n\t\t\t\t\t\t\t<div class=\"elementor-wrapper elementor-open-inline\">\n\t\t\t<div class=\"elementor-video\"><\/div>\t\t<\/div>\n\t\t\t\t\t\t<\/div>\n\t\t\t\t<\/div>\n\t\t\t\t\t<\/div>\n\t\t<\/div>\n\t\t\t\t\t<\/div>\n\t\t<\/section>\n\t\t\t\t<section class=\"elementor-section elementor-top-section elementor-element elementor-element-6593a37 elementor-section-full_width elementor-section-height-default elementor-section-height-default elementor-invisible\" data-id=\"6593a37\" data-element_type=\"section\" data-e-type=\"section\" data-settings=\"{&quot;background_background&quot;:&quot;classic&quot;,&quot;animation&quot;:&quot;fadeIn&quot;}\">\n\t\t\t\t\t\t\t<div class=\"elementor-background-overlay\"><\/div>\n\t\t\t\t\t\t\t<div class=\"elementor-container elementor-column-gap-default\">\n\t\t\t\t\t<div class=\"elementor-column elementor-col-100 elementor-top-column elementor-element elementor-element-1a25945\" data-id=\"1a25945\" data-element_type=\"column\" data-e-type=\"column\" data-settings=\"{&quot;background_background&quot;:&quot;classic&quot;}\">\n\t\t\t<div class=\"elementor-widget-wrap elementor-element-populated\">\n\t\t\t\t\t\t<div class=\"elementor-element elementor-element-da334f4 elementor-widget elementor-widget-heading\" data-id=\"da334f4\" data-element_type=\"widget\" data-e-type=\"widget\" data-widget_type=\"heading.default\">\n\t\t\t\t<div class=\"elementor-widget-container\">\n\t\t\t\t\t<h2 class=\"elementor-heading-title elementor-size-default\">Nepraleisk progos patirti nepamir\u0161tam\u0105 nuotyk\u012f<\/h2>\t\t\t\t<\/div>\n\t\t\t\t<\/div>\n\t\t\t\t<div class=\"elementor-element elementor-element-f54dda6 elementor-align-center elementor-widget elementor-widget-button\" data-id=\"f54dda6\" data-element_type=\"widget\" data-e-type=\"widget\" data-widget_type=\"button.default\">\n\t\t\t\t<div class=\"elementor-widget-container\">\n\t\t\t\t\t\t\t\t\t<div class=\"elementor-button-wrapper\">\n\t\t\t\t\t<a class=\"elementor-button elementor-button-link elementor-size-sm\" href=\"https:\/\/keliautojunamai.lt\/en\/kontaktai\/\">\n\t\t\t\t\t\t<span class=\"elementor-button-content-wrapper\">\n\t\t\t\t\t\t\t\t\t<span class=\"elementor-button-text\">Contacts<\/span>\n\t\t\t\t\t<\/span>\n\t\t\t\t\t<\/a>\n\t\t\t\t<\/div>\n\t\t\t\t\t\t\t\t<\/div>\n\t\t\t\t<\/div>\n\t\t\t\t\t<\/div>\n\t\t<\/div>\n\t\t\t\t\t<\/div>\n\t\t<\/section>\n\t\t\t\t<\/div>","protected":false},"excerpt":{"rendered":"<p>Vandenlen\u010di\u0173 parkas Keliautoj\u0173 Namuose Adrenalino ir laisv\u0117s oaz\u0117 Trakuose. Pirmi \u017eingsniai ant lentos ar nauji triukai \u2013 mes pad\u0117sime \u012fgyvendinti visk\u0105. Su\u017einokite daugiau Vandenlen\u010di\u0173 parkas Keliautoj\u0173 Namuose \u2013 tai vieta, kur susijungia sportas, nuotykis ir gamtos gro\u017eis Nesvarbu, ar pirm\u0105 kart\u0105 stojate ant lentos, ar esate patyr\u0119s sportininkas \u2013 m\u016bs\u0173 profesional\u016bs instruktoriai pad\u0117s \u012fgyvendinti visus &hellip;<\/p>\n<p class=\"read-more\"> <a class=\"\" href=\"https:\/\/keliautojunamai.lt\/en\/vandenlenciu-parkas\/\"> <span class=\"screen-reader-text\">Wakeboard park<\/span> Read More &raquo;<\/a><\/p>","protected":false},"author":1,"featured_media":0,"parent":0,"menu_order":0,"comment_status":"closed","ping_status":"closed","template":"","meta":{"site-sidebar-layout":"no-sidebar","site-content-layout":"page-builder","ast-global-header-display":"","ast-main-header-display":"","ast-hfb-above-header-display":"","ast-hfb-below-header-display":"","ast-hfb-mobile-header-display":"","site-post-title":"disabled","ast-breadcrumbs-content":"","ast-featured-img":"disabled","footer-sml-layout":"","theme-transparent-header-meta":"enabled","adv-header-id-meta":"","stick-header-meta":"","header-above-stick-meta":"","header-main-stick-meta":"","header-below-stick-meta":"","footnotes":""},"class_list":["post-2505","page","type-page","status-publish","hentry"],"jetpack_sharing_enabled":true,"_links":{"self":[{"href":"https:\/\/keliautojunamai.lt\/en\/wp-json\/wp\/v2\/pages\/2505"}],"collection":[{"href":"https:\/\/keliautojunamai.lt\/en\/wp-json\/wp\/v2\/pages"}],"about":[{"href":"https:\/\/keliautojunamai.lt\/en\/wp-json\/wp\/v2\/types\/page"}],"author":[{"embeddable":true,"href":"https:\/\/keliautojunamai.lt\/en\/wp-json\/wp\/v2\/users\/1"}],"replies":[{"embeddable":true,"href":"https:\/\/keliautojunamai.lt\/en\/wp-json\/wp\/v2\/comments?post=2505"}],"version-history":[{"count":88,"href":"https:\/\/keliautojunamai.lt\/en\/wp-json\/wp\/v2\/pages\/2505\/revisions"}],"predecessor-version":[{"id":5381,"href":"https:\/\/keliautojunamai.lt\/en\/wp-json\/wp\/v2\/pages\/2505\/revisions\/5381"}],"wp:attachment":[{"href":"https:\/\/keliautojunamai.lt\/en\/wp-json\/wp\/v2\/media?parent=2505"}],"curies":[{"name":"wp","href":"https:\/\/api.w.org\/{rel}","templated":true}]}}