{"id":2645,"date":"2023-09-17T11:59:03","date_gmt":"2023-09-17T11:59:03","guid":{"rendered":"https:\/\/keliautojunamai.lt\/?page_id=2645"},"modified":"2025-11-08T12:32:12","modified_gmt":"2025-11-08T12:32:12","slug":"pirtis-ir-kubilas","status":"publish","type":"page","link":"https:\/\/keliautojunamai.lt\/en\/pirtis-ir-kubilas\/","title":{"rendered":"Sauna and Hot Tub"},"content":{"rendered":"<div data-elementor-type=\"wp-page\" data-elementor-id=\"2645\" class=\"elementor elementor-2645\" data-elementor-post-type=\"page\">\n\t\t\t\t\t\t<section class=\"elementor-section elementor-top-section elementor-element elementor-element-4bd47105 elementor-section-height-min-height elementor-section-boxed elementor-section-height-default elementor-section-items-middle\" data-id=\"4bd47105\" data-element_type=\"section\" data-e-type=\"section\" data-settings=\"{&quot;background_background&quot;:&quot;classic&quot;}\">\n\t\t\t\t\t\t\t<div class=\"elementor-background-overlay\"><\/div>\n\t\t\t\t\t\t\t<div class=\"elementor-container elementor-column-gap-default\">\n\t\t\t\t\t<div class=\"elementor-column elementor-col-100 elementor-top-column elementor-element elementor-element-22d5a1d8\" data-id=\"22d5a1d8\" data-element_type=\"column\" data-e-type=\"column\">\n\t\t\t<div class=\"elementor-widget-wrap elementor-element-populated\">\n\t\t\t\t\t\t<div class=\"elementor-element elementor-element-5ad87057 elementor-widget elementor-widget-heading\" data-id=\"5ad87057\" data-element_type=\"widget\" data-e-type=\"widget\" data-widget_type=\"heading.default\">\n\t\t\t\t<div class=\"elementor-widget-container\">\n\t\t\t\t\t<h1 class=\"elementor-heading-title elementor-size-default\">Pirtis ir kubilas gamtos apsuptyje<\/h1>\t\t\t\t<\/div>\n\t\t\t\t<\/div>\n\t\t\t\t<div class=\"elementor-element elementor-element-219748aa elementor-widget elementor-widget-text-editor\" data-id=\"219748aa\" data-element_type=\"widget\" data-e-type=\"widget\" data-widget_type=\"text-editor.default\">\n\t\t\t\t<div class=\"elementor-widget-container\">\n\t\t\t\t\t\t\t\t\t<p>Atsipalaiduokite \u0161ilumos ir ramyb\u0117s oaz\u0117je \u2013 garin\u0117s pirties garai, \u017evaig\u017ed\u017ei\u0173 atspind\u017eiai vandenyje ir gamtos tylos terapija J\u016bs\u0173 k\u016bnui bei sielai.<\/p>\t\t\t\t\t\t\t\t<\/div>\n\t\t\t\t<\/div>\n\t\t\t\t<section class=\"elementor-section elementor-inner-section elementor-element elementor-element-7b4b1015 elementor-section-boxed elementor-section-height-default elementor-section-height-default\" data-id=\"7b4b1015\" data-element_type=\"section\" data-e-type=\"section\">\n\t\t\t\t\t\t<div class=\"elementor-container elementor-column-gap-default\">\n\t\t\t\t\t<div class=\"elementor-column elementor-col-100 elementor-inner-column elementor-element elementor-element-5b843883\" data-id=\"5b843883\" data-element_type=\"column\" data-e-type=\"column\">\n\t\t\t<div class=\"elementor-widget-wrap elementor-element-populated\">\n\t\t\t\t\t\t<div class=\"elementor-element elementor-element-9d36222 elementor-align-center elementor-widget elementor-widget-button\" data-id=\"9d36222\" data-element_type=\"widget\" data-e-type=\"widget\" data-widget_type=\"button.default\">\n\t\t\t\t<div class=\"elementor-widget-container\">\n\t\t\t\t\t\t\t\t\t<div class=\"elementor-button-wrapper\">\n\t\t\t\t\t<a class=\"elementor-button elementor-button-link elementor-size-sm elementor-animation-shrink\" href=\"#apie\">\n\t\t\t\t\t\t<span class=\"elementor-button-content-wrapper\">\n\t\t\t\t\t\t\t\t\t<span class=\"elementor-button-text\">Su\u017einokite daugiau<\/span>\n\t\t\t\t\t<\/span>\n\t\t\t\t\t<\/a>\n\t\t\t\t<\/div>\n\t\t\t\t\t\t\t\t<\/div>\n\t\t\t\t<\/div>\n\t\t\t\t\t<\/div>\n\t\t<\/div>\n\t\t\t\t\t<\/div>\n\t\t<\/section>\n\t\t\t\t\t<\/div>\n\t\t<\/div>\n\t\t\t\t\t<\/div>\n\t\t<\/section>\n\t\t\t\t<section class=\"elementor-section elementor-top-section elementor-element elementor-element-3ece4dac elementor-section-boxed elementor-section-height-default elementor-section-height-default\" data-id=\"3ece4dac\" data-element_type=\"section\" data-e-type=\"section\">\n\t\t\t\t\t\t<div class=\"elementor-container elementor-column-gap-default\">\n\t\t\t\t\t<div class=\"elementor-column elementor-col-100 elementor-top-column elementor-element elementor-element-76f74572\" data-id=\"76f74572\" data-element_type=\"column\" data-e-type=\"column\">\n\t\t\t<div class=\"elementor-widget-wrap elementor-element-populated\">\n\t\t\t\t\t\t<div class=\"elementor-element elementor-element-f3cf7ed elementor-widget-divider--view-line elementor-widget elementor-widget-divider\" data-id=\"f3cf7ed\" data-element_type=\"widget\" data-e-type=\"widget\" data-widget_type=\"divider.default\">\n\t\t\t\t<div class=\"elementor-widget-container\">\n\t\t\t\t\t\t\t<div class=\"elementor-divider\">\n\t\t\t<span class=\"elementor-divider-separator\">\n\t\t\t\t\t\t<\/span>\n\t\t<\/div>\n\t\t\t\t\t\t<\/div>\n\t\t\t\t<\/div>\n\t\t\t\t\t<\/div>\n\t\t<\/div>\n\t\t\t\t\t<\/div>\n\t\t<\/section>\n\t\t\t\t<section class=\"elementor-section elementor-top-section elementor-element elementor-element-633e7081 elementor-section-full_width elementor-section-height-default elementor-section-height-default elementor-invisible\" data-id=\"633e7081\" data-element_type=\"section\" data-e-type=\"section\" id=\"apie\" data-settings=\"{&quot;animation&quot;:&quot;fadeIn&quot;}\">\n\t\t\t\t\t\t<div class=\"elementor-container elementor-column-gap-default\">\n\t\t\t\t\t<div class=\"elementor-column elementor-col-50 elementor-top-column elementor-element elementor-element-5fe67a2c\" data-id=\"5fe67a2c\" data-element_type=\"column\" data-e-type=\"column\">\n\t\t\t<div class=\"elementor-widget-wrap elementor-element-populated\">\n\t\t\t\t\t\t<div class=\"elementor-element elementor-element-62a38c7f elementor-widget elementor-widget-text-editor\" data-id=\"62a38c7f\" data-element_type=\"widget\" data-e-type=\"widget\" data-widget_type=\"text-editor.default\">\n\t\t\t\t<div class=\"elementor-widget-container\">\n\t\t\t\t\t\t\t\t\t<p><strong data-start=\"1594\" data-end=\"1641\">Kod\u0117l verta i\u0161bandyti m\u016bs\u0173 pirt\u012f ir kubil\u0105?<\/strong><\/p>\t\t\t\t\t\t\t\t<\/div>\n\t\t\t\t<\/div>\n\t\t\t\t<div class=\"elementor-element elementor-element-1dedda78 elementor-widget elementor-widget-text-editor\" data-id=\"1dedda78\" data-element_type=\"widget\" data-e-type=\"widget\" data-widget_type=\"text-editor.default\">\n\t\t\t\t<div class=\"elementor-widget-container\">\n\t\t\t\t\t\t\t\t\t<ul><li data-start=\"1642\" data-end=\"1699\"><p data-start=\"1644\" data-end=\"1699\">Ramyb\u0117s ir gamtos apsuptis \u2013 toli nuo miesto triuk\u0161mo<\/p><\/li><li data-start=\"1700\" data-end=\"1735\"><p data-start=\"1702\" data-end=\"1735\">Autenti\u0161ka medin\u0117 garin\u0117 pirtis<\/p><\/li><li data-start=\"1736\" data-end=\"1783\"><p data-start=\"1738\" data-end=\"1783\">Malkomis \u0161ildomas kubilas po atviru dangumi<\/p><\/li><li data-start=\"1784\" data-end=\"1819\"><p data-start=\"1786\" data-end=\"1819\">Jaukios poilsio zonos ir terasa<\/p><\/li><li data-start=\"1820\" data-end=\"1883\"><p data-start=\"1822\" data-end=\"1883\">Puikiai tinka visais met\u0173 laikais \u2013 tiek \u017eiem\u0105, tiek vasar\u0105<\/p><\/li><li data-start=\"1884\" data-end=\"1953\"><p data-start=\"1886\" data-end=\"1953\">Galimyb\u0117 apsistoti m\u016bs\u0173 <strong data-start=\"1910\" data-end=\"1932\">Keliautoj\u0173 namuose<\/strong> ir prat\u0119sti poils\u012f<\/p><\/li><\/ul><p>Pirtis ir kubilas nuomojami visus metus.<\/p><p><b>Galima derinti su nakvyne, pramogomis ar \u0161vent\u0117mis m\u016bs\u0173 sodyboje.<\/b><\/p>\t\t\t\t\t\t\t\t<\/div>\n\t\t\t\t<\/div>\n\t\t\t\t\t<\/div>\n\t\t<\/div>\n\t\t\t\t<div class=\"elementor-column elementor-col-50 elementor-top-column elementor-element elementor-element-b5626fb\" data-id=\"b5626fb\" data-element_type=\"column\" data-e-type=\"column\">\n\t\t\t<div class=\"elementor-widget-wrap elementor-element-populated\">\n\t\t\t\t\t\t<div class=\"elementor-element elementor-element-7e557818 elementor-widget elementor-widget-image\" data-id=\"7e557818\" data-element_type=\"widget\" data-e-type=\"widget\" data-widget_type=\"image.default\">\n\t\t\t\t<div class=\"elementor-widget-container\">\n\t\t\t\t\t\t\t\t\t\t\t\t\t\t\t<img fetchpriority=\"high\" decoding=\"async\" width=\"1024\" height=\"683\" src=\"https:\/\/keliautojunamai.lt\/wp-content\/uploads\/2025\/11\/Keliautoju-6-1024x683.jpg\" class=\"attachment-large size-large wp-image-5390\" alt=\"\" srcset=\"https:\/\/keliautojunamai.lt\/wp-content\/uploads\/2025\/11\/Keliautoju-6-1024x683.jpg 1024w, https:\/\/keliautojunamai.lt\/wp-content\/uploads\/2025\/11\/Keliautoju-6-300x200.jpg 300w, https:\/\/keliautojunamai.lt\/wp-content\/uploads\/2025\/11\/Keliautoju-6-768x513.jpg 768w, https:\/\/keliautojunamai.lt\/wp-content\/uploads\/2025\/11\/Keliautoju-6-1536x1025.jpg 1536w, https:\/\/keliautojunamai.lt\/wp-content\/uploads\/2025\/11\/Keliautoju-6-2048x1367.jpg 2048w, https:\/\/keliautojunamai.lt\/wp-content\/uploads\/2025\/11\/Keliautoju-6-18x12.jpg 18w\" sizes=\"(max-width: 1024px) 100vw, 1024px\" \/>\t\t\t\t\t\t\t\t\t\t\t\t\t\t\t<\/div>\n\t\t\t\t<\/div>\n\t\t\t\t<section class=\"elementor-section elementor-inner-section elementor-element elementor-element-382c4c35 elementor-hidden-tablet elementor-hidden-mobile elementor-section-boxed elementor-section-height-default elementor-section-height-default\" data-id=\"382c4c35\" data-element_type=\"section\" data-e-type=\"section\">\n\t\t\t\t\t\t<div class=\"elementor-container elementor-column-gap-default\">\n\t\t\t\t\t<div class=\"elementor-column elementor-col-50 elementor-inner-column elementor-element elementor-element-48f7786b\" data-id=\"48f7786b\" data-element_type=\"column\" data-e-type=\"column\">\n\t\t\t<div class=\"elementor-widget-wrap elementor-element-populated\">\n\t\t\t\t\t\t<div class=\"elementor-element elementor-element-6d217439 elementor-widget elementor-widget-image\" data-id=\"6d217439\" data-element_type=\"widget\" data-e-type=\"widget\" data-widget_type=\"image.default\">\n\t\t\t\t<div class=\"elementor-widget-container\">\n\t\t\t\t\t\t\t\t\t\t\t\t\t\t\t<img decoding=\"async\" width=\"1024\" height=\"683\" src=\"https:\/\/keliautojunamai.lt\/wp-content\/uploads\/2025\/11\/Pirtis_nauja-1024x683.jpg\" class=\"attachment-large size-large wp-image-5393\" alt=\"\" srcset=\"https:\/\/keliautojunamai.lt\/wp-content\/uploads\/2025\/11\/Pirtis_nauja-1024x683.jpg 1024w, https:\/\/keliautojunamai.lt\/wp-content\/uploads\/2025\/11\/Pirtis_nauja-300x200.jpg 300w, https:\/\/keliautojunamai.lt\/wp-content\/uploads\/2025\/11\/Pirtis_nauja-768x512.jpg 768w, https:\/\/keliautojunamai.lt\/wp-content\/uploads\/2025\/11\/Pirtis_nauja-18x12.jpg 18w, https:\/\/keliautojunamai.lt\/wp-content\/uploads\/2025\/11\/Pirtis_nauja.jpg 1280w\" sizes=\"(max-width: 1024px) 100vw, 1024px\" \/>\t\t\t\t\t\t\t\t\t\t\t\t\t\t\t<\/div>\n\t\t\t\t<\/div>\n\t\t\t\t\t<\/div>\n\t\t<\/div>\n\t\t\t\t<div class=\"elementor-column elementor-col-50 elementor-inner-column elementor-element elementor-element-5c8a3384\" data-id=\"5c8a3384\" data-element_type=\"column\" data-e-type=\"column\">\n\t\t\t<div class=\"elementor-widget-wrap elementor-element-populated\">\n\t\t\t\t\t\t<div class=\"elementor-element elementor-element-46e533bf elementor-widget elementor-widget-image\" data-id=\"46e533bf\" data-element_type=\"widget\" data-e-type=\"widget\" data-widget_type=\"image.default\">\n\t\t\t\t<div class=\"elementor-widget-container\">\n\t\t\t\t\t\t\t\t\t\t\t\t\t\t\t<img decoding=\"async\" width=\"1024\" height=\"684\" src=\"https:\/\/keliautojunamai.lt\/wp-content\/uploads\/2025\/11\/pirtis-13-1-scaled-1-1024x684.jpg\" class=\"attachment-large size-large wp-image-5387\" alt=\"\" srcset=\"https:\/\/keliautojunamai.lt\/wp-content\/uploads\/2025\/11\/pirtis-13-1-scaled-1-1024x684.jpg 1024w, https:\/\/keliautojunamai.lt\/wp-content\/uploads\/2025\/11\/pirtis-13-1-scaled-1-300x200.jpg 300w, https:\/\/keliautojunamai.lt\/wp-content\/uploads\/2025\/11\/pirtis-13-1-scaled-1-768x513.jpg 768w, https:\/\/keliautojunamai.lt\/wp-content\/uploads\/2025\/11\/pirtis-13-1-scaled-1-18x12.jpg 18w, https:\/\/keliautojunamai.lt\/wp-content\/uploads\/2025\/11\/pirtis-13-1-scaled-1.jpg 1280w\" sizes=\"(max-width: 1024px) 100vw, 1024px\" \/>\t\t\t\t\t\t\t\t\t\t\t\t\t\t\t<\/div>\n\t\t\t\t<\/div>\n\t\t\t\t\t<\/div>\n\t\t<\/div>\n\t\t\t\t\t<\/div>\n\t\t<\/section>\n\t\t\t\t\t<\/div>\n\t\t<\/div>\n\t\t\t\t\t<\/div>\n\t\t<\/section>\n\t\t\t\t<section class=\"elementor-section elementor-top-section elementor-element elementor-element-a6bca45 elementor-section-full_width elementor-section-height-default elementor-section-height-default elementor-invisible\" data-id=\"a6bca45\" data-element_type=\"section\" data-e-type=\"section\" data-settings=\"{&quot;background_background&quot;:&quot;classic&quot;,&quot;shape_divider_top&quot;:&quot;tilt&quot;,&quot;animation&quot;:&quot;fadeInLeft&quot;}\">\n\t\t\t\t\t<div class=\"elementor-shape elementor-shape-top\" aria-hidden=\"true\" data-negative=\"false\">\n\t\t\t<svg xmlns=\"http:\/\/www.w3.org\/2000\/svg\" viewbox=\"0 0 1000 100\" preserveaspectratio=\"none\">\n\t<path class=\"elementor-shape-fill\" d=\"M0,6V0h1000v100L0,6z\"\/>\n<\/svg>\t\t<\/div>\n\t\t\t\t\t<div class=\"elementor-container elementor-column-gap-default\">\n\t\t\t\t\t<div class=\"elementor-column elementor-col-50 elementor-top-column elementor-element elementor-element-4ad0c14\" data-id=\"4ad0c14\" data-element_type=\"column\" data-e-type=\"column\">\n\t\t\t<div class=\"elementor-widget-wrap elementor-element-populated\">\n\t\t\t\t\t\t<div class=\"elementor-element elementor-element-100131f elementor-widget elementor-widget-text-editor\" data-id=\"100131f\" data-element_type=\"widget\" data-e-type=\"widget\" data-widget_type=\"text-editor.default\">\n\t\t\t\t<div class=\"elementor-widget-container\">\n\t\t\t\t\t\t\t\t\t<p>Gar\u00adin\u0117 pirtis \u2013 k\u016bno ir min\u010di\u0173 atgaiva<\/p>\t\t\t\t\t\t\t\t<\/div>\n\t\t\t\t<\/div>\n\t\t\t\t<div class=\"elementor-element elementor-element-c618b53 elementor-widget elementor-widget-text-editor\" data-id=\"c618b53\" data-element_type=\"widget\" data-e-type=\"widget\" data-widget_type=\"text-editor.default\">\n\t\t\t\t<div class=\"elementor-widget-container\">\n\t\t\t\t\t\t\t\t\t<p>M\u016bs\u0173 <strong data-start=\"882\" data-end=\"899\">garin\u0117 pirtis<\/strong> \u2013 tai vieta, kur laikas sustoja. \u0160velnus garas, nat\u016bralios medienos kvapas ir maloni \u0161iluma leid\u017eia atsipalaiduoti, atgaivinti k\u016bn\u0105 bei i\u0161valyti mintis.<\/p><p><br data-start=\"1052\" data-end=\"1055\" \/>Po pirties \u2013 terasa po atviru dangumi, kur gal\u0117site atsiv\u0117sinti, gurk\u0161noti arbat\u0105 ar tiesiog m\u0117gautis gamtos garsais.<\/p><p><br data-start=\"1172\" data-end=\"1175\" \/>Tai ritualas, kuris suvienija \u017emones \u2013 \u0161eim\u0105, draugus ar kolektyv\u0105.<\/p>\t\t\t\t\t\t\t\t<\/div>\n\t\t\t\t<\/div>\n\t\t\t\t\t<\/div>\n\t\t<\/div>\n\t\t\t\t<div class=\"elementor-column elementor-col-50 elementor-top-column elementor-element elementor-element-3a12548\" data-id=\"3a12548\" data-element_type=\"column\" data-e-type=\"column\">\n\t\t\t<div class=\"elementor-widget-wrap elementor-element-populated\">\n\t\t\t\t\t\t<div class=\"elementor-element elementor-element-e0654a5 elementor-widget elementor-widget-image\" data-id=\"e0654a5\" data-element_type=\"widget\" data-e-type=\"widget\" data-widget_type=\"image.default\">\n\t\t\t\t<div class=\"elementor-widget-container\">\n\t\t\t\t\t\t\t\t\t\t\t\t\t\t\t<img decoding=\"async\" width=\"1024\" height=\"684\" src=\"https:\/\/keliautojunamai.lt\/wp-content\/uploads\/2025\/11\/pirtis-13-1-scaled-1-1024x684.jpg\" class=\"attachment-large size-large wp-image-5387\" alt=\"\" srcset=\"https:\/\/keliautojunamai.lt\/wp-content\/uploads\/2025\/11\/pirtis-13-1-scaled-1-1024x684.jpg 1024w, https:\/\/keliautojunamai.lt\/wp-content\/uploads\/2025\/11\/pirtis-13-1-scaled-1-300x200.jpg 300w, https:\/\/keliautojunamai.lt\/wp-content\/uploads\/2025\/11\/pirtis-13-1-scaled-1-768x513.jpg 768w, https:\/\/keliautojunamai.lt\/wp-content\/uploads\/2025\/11\/pirtis-13-1-scaled-1-18x12.jpg 18w, https:\/\/keliautojunamai.lt\/wp-content\/uploads\/2025\/11\/pirtis-13-1-scaled-1.jpg 1280w\" sizes=\"(max-width: 1024px) 100vw, 1024px\" \/>\t\t\t\t\t\t\t\t\t\t\t\t\t\t\t<\/div>\n\t\t\t\t<\/div>\n\t\t\t\t\t<\/div>\n\t\t<\/div>\n\t\t\t\t\t<\/div>\n\t\t<\/section>\n\t\t\t\t<section class=\"elementor-section elementor-top-section elementor-element elementor-element-70d9475 elementor-section-full_width elementor-section-height-default elementor-section-height-default elementor-invisible\" data-id=\"70d9475\" data-element_type=\"section\" data-e-type=\"section\" data-settings=\"{&quot;background_background&quot;:&quot;classic&quot;,&quot;animation&quot;:&quot;fadeInLeft&quot;,&quot;shape_divider_bottom&quot;:&quot;opacity-tilt&quot;}\">\n\t\t\t\t\t<div class=\"elementor-shape elementor-shape-bottom\" aria-hidden=\"true\" data-negative=\"false\">\n\t\t\t<svg xmlns=\"http:\/\/www.w3.org\/2000\/svg\" viewbox=\"0 0 2600 131.1\" preserveaspectratio=\"none\">\n\t<path class=\"elementor-shape-fill\" d=\"M0 0L2600 0 2600 69.1 0 0z\"\/>\n\t<path class=\"elementor-shape-fill\" style=\"opacity:0.5\" d=\"M0 0L2600 0 2600 69.1 0 69.1z\"\/>\n\t<path class=\"elementor-shape-fill\" style=\"opacity:0.25\" d=\"M2600 0L0 0 0 130.1 2600 69.1z\"\/>\n<\/svg>\t\t<\/div>\n\t\t\t\t\t<div class=\"elementor-container elementor-column-gap-default\">\n\t\t\t\t\t<div class=\"elementor-column elementor-col-50 elementor-top-column elementor-element elementor-element-b213564\" data-id=\"b213564\" data-element_type=\"column\" data-e-type=\"column\">\n\t\t\t<div class=\"elementor-widget-wrap elementor-element-populated\">\n\t\t\t\t\t\t<div class=\"elementor-element elementor-element-41cf894 elementor-widget elementor-widget-image\" data-id=\"41cf894\" data-element_type=\"widget\" data-e-type=\"widget\" data-widget_type=\"image.default\">\n\t\t\t\t<div class=\"elementor-widget-container\">\n\t\t\t\t\t\t\t\t\t\t\t\t\t\t\t<img decoding=\"async\" width=\"1024\" height=\"683\" src=\"https:\/\/keliautojunamai.lt\/wp-content\/uploads\/2025\/11\/Pirtis_nauja-1024x683.jpg\" class=\"attachment-large size-large wp-image-5393\" alt=\"\" srcset=\"https:\/\/keliautojunamai.lt\/wp-content\/uploads\/2025\/11\/Pirtis_nauja-1024x683.jpg 1024w, https:\/\/keliautojunamai.lt\/wp-content\/uploads\/2025\/11\/Pirtis_nauja-300x200.jpg 300w, https:\/\/keliautojunamai.lt\/wp-content\/uploads\/2025\/11\/Pirtis_nauja-768x512.jpg 768w, https:\/\/keliautojunamai.lt\/wp-content\/uploads\/2025\/11\/Pirtis_nauja-18x12.jpg 18w, https:\/\/keliautojunamai.lt\/wp-content\/uploads\/2025\/11\/Pirtis_nauja.jpg 1280w\" sizes=\"(max-width: 1024px) 100vw, 1024px\" \/>\t\t\t\t\t\t\t\t\t\t\t\t\t\t\t<\/div>\n\t\t\t\t<\/div>\n\t\t\t\t\t<\/div>\n\t\t<\/div>\n\t\t\t\t<div class=\"elementor-column elementor-col-50 elementor-top-column elementor-element elementor-element-a0d3944\" data-id=\"a0d3944\" data-element_type=\"column\" data-e-type=\"column\">\n\t\t\t<div class=\"elementor-widget-wrap elementor-element-populated\">\n\t\t\t\t\t\t<div class=\"elementor-element elementor-element-c73fda2 elementor-widget elementor-widget-text-editor\" data-id=\"c73fda2\" data-element_type=\"widget\" data-e-type=\"widget\" data-widget_type=\"text-editor.default\">\n\t\t\t\t<div class=\"elementor-widget-container\">\n\t\t\t\t\t\t\t\t\t<p>Kubilas po \u017evaig\u017ed\u0117mis \u2013 tikra poilsio magija<\/p>\t\t\t\t\t\t\t\t<\/div>\n\t\t\t\t<\/div>\n\t\t\t\t<div class=\"elementor-element elementor-element-5237786 elementor-widget elementor-widget-text-editor\" data-id=\"5237786\" data-element_type=\"widget\" data-e-type=\"widget\" data-widget_type=\"text-editor.default\">\n\t\t\t\t<div class=\"elementor-widget-container\">\n\t\t\t\t\t\t\t\t\t<p>Lauko <strong data-start=\"1307\" data-end=\"1318\">kubilas<\/strong>, \u0161ildomas malkomis, laukia j\u016bs\u0173 vakarin\u0117ms akimirkoms.<\/p><p><br data-start=\"1373\" data-end=\"1376\" \/>Kai vanduo \u0161velniai \u0161ildo k\u016bn\u0105, o vir\u0161 galvos \u017eiba \u017evaig\u017ed\u0117s \u2013 pasijusite lyg toli nuo visko.<\/p><p><br data-start=\"1469\" data-end=\"1472\" \/>Tai ideali vieta romanti\u0161kam vakarui dviese, ramiam pasibuvimui su artimaisiais ar smagiam vakarui draug\u0173 rate.<\/p>\t\t\t\t\t\t\t\t<\/div>\n\t\t\t\t<\/div>\n\t\t\t\t\t<\/div>\n\t\t<\/div>\n\t\t\t\t\t<\/div>\n\t\t<\/section>\n\t\t\t\t<section class=\"elementor-section elementor-top-section elementor-element elementor-element-4d00bbd8 elementor-section-full_width elementor-section-height-default elementor-section-height-default elementor-invisible\" data-id=\"4d00bbd8\" data-element_type=\"section\" data-e-type=\"section\" data-settings=\"{&quot;background_background&quot;:&quot;classic&quot;,&quot;animation&quot;:&quot;fadeIn&quot;}\">\n\t\t\t\t\t\t\t<div class=\"elementor-background-overlay\"><\/div>\n\t\t\t\t\t\t\t<div class=\"elementor-container elementor-column-gap-default\">\n\t\t\t\t\t<div class=\"elementor-column elementor-col-100 elementor-top-column elementor-element elementor-element-792903ca\" data-id=\"792903ca\" data-element_type=\"column\" data-e-type=\"column\" data-settings=\"{&quot;background_background&quot;:&quot;classic&quot;}\">\n\t\t\t<div class=\"elementor-widget-wrap elementor-element-populated\">\n\t\t\t\t\t\t<div class=\"elementor-element elementor-element-17bfa4ad elementor-widget elementor-widget-heading\" data-id=\"17bfa4ad\" data-element_type=\"widget\" data-e-type=\"widget\" data-widget_type=\"heading.default\">\n\t\t\t\t<div class=\"elementor-widget-container\">\n\t\t\t\t\t<h2 class=\"elementor-heading-title elementor-size-default\">Dovanokite sau tylos ir \u0161ilumos akimirk\u0105<\/h2>\t\t\t\t<\/div>\n\t\t\t\t<\/div>\n\t\t\t\t<div class=\"elementor-element elementor-element-57b43dbf elementor-align-center elementor-widget elementor-widget-button\" data-id=\"57b43dbf\" data-element_type=\"widget\" data-e-type=\"widget\" data-widget_type=\"button.default\">\n\t\t\t\t<div class=\"elementor-widget-container\">\n\t\t\t\t\t\t\t\t\t<div class=\"elementor-button-wrapper\">\n\t\t\t\t\t<a class=\"elementor-button elementor-button-link elementor-size-sm\" href=\"https:\/\/keliautojunamai.lt\/en\/kontaktai\/\">\n\t\t\t\t\t\t<span class=\"elementor-button-content-wrapper\">\n\t\t\t\t\t\t\t\t\t<span class=\"elementor-button-text\">Contacts<\/span>\n\t\t\t\t\t<\/span>\n\t\t\t\t\t<\/a>\n\t\t\t\t<\/div>\n\t\t\t\t\t\t\t\t<\/div>\n\t\t\t\t<\/div>\n\t\t\t\t\t<\/div>\n\t\t<\/div>\n\t\t\t\t\t<\/div>\n\t\t<\/section>\n\t\t\t\t<\/div>","protected":false},"excerpt":{"rendered":"<p>Pirtis ir kubilas gamtos apsuptyje Atsipalaiduokite \u0161ilumos ir ramyb\u0117s oaz\u0117je \u2013 garin\u0117s pirties garai, \u017evaig\u017ed\u017ei\u0173 atspind\u017eiai vandenyje ir gamtos tylos terapija J\u016bs\u0173 k\u016bnui bei sielai. Su\u017einokite daugiau Kod\u0117l verta i\u0161bandyti m\u016bs\u0173 pirt\u012f ir kubil\u0105? Ramyb\u0117s ir gamtos apsuptis \u2013 toli nuo miesto triuk\u0161mo Autenti\u0161ka medin\u0117 garin\u0117 pirtis Malkomis \u0161ildomas kubilas po atviru dangumi Jaukios poilsio &hellip;<\/p>\n<p class=\"read-more\"> <a class=\"\" href=\"https:\/\/keliautojunamai.lt\/en\/pirtis-ir-kubilas\/\"> <span class=\"screen-reader-text\">Sauna and Hot Tub<\/span> Read More &raquo;<\/a><\/p>","protected":false},"author":1,"featured_media":0,"parent":0,"menu_order":0,"comment_status":"closed","ping_status":"closed","template":"","meta":{"site-sidebar-layout":"no-sidebar","site-content-layout":"page-builder","ast-global-header-display":"","ast-main-header-display":"","ast-hfb-above-header-display":"","ast-hfb-below-header-display":"","ast-hfb-mobile-header-display":"","site-post-title":"disabled","ast-breadcrumbs-content":"","ast-featured-img":"disabled","footer-sml-layout":"","theme-transparent-header-meta":"enabled","adv-header-id-meta":"","stick-header-meta":"","header-above-stick-meta":"","header-main-stick-meta":"","header-below-stick-meta":"","footnotes":""},"class_list":["post-2645","page","type-page","status-publish","hentry"],"jetpack_sharing_enabled":true,"_links":{"self":[{"href":"https:\/\/keliautojunamai.lt\/en\/wp-json\/wp\/v2\/pages\/2645"}],"collection":[{"href":"https:\/\/keliautojunamai.lt\/en\/wp-json\/wp\/v2\/pages"}],"about":[{"href":"https:\/\/keliautojunamai.lt\/en\/wp-json\/wp\/v2\/types\/page"}],"author":[{"embeddable":true,"href":"https:\/\/keliautojunamai.lt\/en\/wp-json\/wp\/v2\/users\/1"}],"replies":[{"embeddable":true,"href":"https:\/\/keliautojunamai.lt\/en\/wp-json\/wp\/v2\/comments?post=2645"}],"version-history":[{"count":40,"href":"https:\/\/keliautojunamai.lt\/en\/wp-json\/wp\/v2\/pages\/2645\/revisions"}],"predecessor-version":[{"id":5400,"href":"https:\/\/keliautojunamai.lt\/en\/wp-json\/wp\/v2\/pages\/2645\/revisions\/5400"}],"wp:attachment":[{"href":"https:\/\/keliautojunamai.lt\/en\/wp-json\/wp\/v2\/media?parent=2645"}],"curies":[{"name":"wp","href":"https:\/\/api.w.org\/{rel}","templated":true}]}}