{"id":2987,"date":"2023-11-27T19:05:17","date_gmt":"2023-11-27T19:05:17","guid":{"rendered":"https:\/\/keliautojunamai.lt\/?page_id=2987"},"modified":"2024-01-05T12:28:41","modified_gmt":"2024-01-05T12:28:41","slug":"ziemos-renginiai","status":"publish","type":"page","link":"https:\/\/keliautojunamai.lt\/en\/ziemos-renginiai\/","title":{"rendered":"Winter events"},"content":{"rendered":"<div data-elementor-type=\"wp-page\" data-elementor-id=\"2987\" class=\"elementor elementor-2987\" data-elementor-post-type=\"page\">\n\t\t\t\t\t\t<section class=\"elementor-section elementor-top-section elementor-element elementor-element-7e1645a4 elementor-section-height-min-height elementor-section-boxed elementor-section-height-default elementor-section-items-middle\" data-id=\"7e1645a4\" data-element_type=\"section\" data-e-type=\"section\" data-settings=\"{&quot;background_background&quot;:&quot;classic&quot;}\">\n\t\t\t\t\t\t\t<div class=\"elementor-background-overlay\"><\/div>\n\t\t\t\t\t\t\t<div class=\"elementor-container elementor-column-gap-default\">\n\t\t\t\t\t<div class=\"elementor-column elementor-col-100 elementor-top-column elementor-element elementor-element-5812c203\" data-id=\"5812c203\" data-element_type=\"column\" data-e-type=\"column\">\n\t\t\t<div class=\"elementor-widget-wrap elementor-element-populated\">\n\t\t\t\t\t\t<div class=\"elementor-element elementor-element-1cf0f4db elementor-widget elementor-widget-heading\" data-id=\"1cf0f4db\" data-element_type=\"widget\" data-e-type=\"widget\" data-widget_type=\"heading.default\">\n\t\t\t\t<div class=\"elementor-widget-container\">\n\t\t\t\t\t<h1 class=\"elementor-heading-title elementor-size-default\">\u017diemos renginiai 2023<\/h1>\t\t\t\t<\/div>\n\t\t\t\t<\/div>\n\t\t\t\t<section class=\"elementor-section elementor-inner-section elementor-element elementor-element-10b15c5b elementor-section-boxed elementor-section-height-default elementor-section-height-default\" data-id=\"10b15c5b\" data-element_type=\"section\" data-e-type=\"section\">\n\t\t\t\t\t\t<div class=\"elementor-container elementor-column-gap-default\">\n\t\t\t\t\t<div class=\"elementor-column elementor-col-50 elementor-inner-column elementor-element elementor-element-29fc0322\" data-id=\"29fc0322\" data-element_type=\"column\" data-e-type=\"column\">\n\t\t\t<div class=\"elementor-widget-wrap\">\n\t\t\t\t\t\t\t<\/div>\n\t\t<\/div>\n\t\t\t\t<div class=\"elementor-column elementor-col-50 elementor-inner-column elementor-element elementor-element-4b10310c\" data-id=\"4b10310c\" data-element_type=\"column\" data-e-type=\"column\">\n\t\t\t<div class=\"elementor-widget-wrap\">\n\t\t\t\t\t\t\t<\/div>\n\t\t<\/div>\n\t\t\t\t\t<\/div>\n\t\t<\/section>\n\t\t\t\t\t<\/div>\n\t\t<\/div>\n\t\t\t\t\t<\/div>\n\t\t<\/section>\n\t\t\t\t<section class=\"elementor-section elementor-top-section elementor-element elementor-element-c07b8f6 elementor-section-boxed elementor-section-height-default elementor-section-height-default\" data-id=\"c07b8f6\" data-element_type=\"section\" data-e-type=\"section\">\n\t\t\t\t\t\t<div class=\"elementor-container elementor-column-gap-default\">\n\t\t\t\t\t<div class=\"elementor-column elementor-col-100 elementor-top-column elementor-element elementor-element-5b4a34a\" data-id=\"5b4a34a\" data-element_type=\"column\" data-e-type=\"column\">\n\t\t\t<div class=\"elementor-widget-wrap elementor-element-populated\">\n\t\t\t\t\t\t<section class=\"elementor-section elementor-inner-section elementor-element elementor-element-3688a1ec elementor-section-boxed elementor-section-height-default elementor-section-height-default\" data-id=\"3688a1ec\" data-element_type=\"section\" data-e-type=\"section\">\n\t\t\t\t\t\t<div class=\"elementor-container elementor-column-gap-default\">\n\t\t\t\t\t<div class=\"elementor-column elementor-col-100 elementor-inner-column elementor-element elementor-element-4137a826\" data-id=\"4137a826\" data-element_type=\"column\" data-e-type=\"column\">\n\t\t\t<div class=\"elementor-widget-wrap elementor-element-populated\">\n\t\t\t\t\t\t<div class=\"elementor-element elementor-element-ab9a6d0 elementor-widget-divider--view-line elementor-widget elementor-widget-divider\" data-id=\"ab9a6d0\" data-element_type=\"widget\" data-e-type=\"widget\" data-widget_type=\"divider.default\">\n\t\t\t\t<div class=\"elementor-widget-container\">\n\t\t\t\t\t\t\t<div class=\"elementor-divider\">\n\t\t\t<span class=\"elementor-divider-separator\">\n\t\t\t\t\t\t<\/span>\n\t\t<\/div>\n\t\t\t\t\t\t<\/div>\n\t\t\t\t<\/div>\n\t\t\t\t<div class=\"elementor-element elementor-element-2ee75e1d elementor-widget elementor-widget-text-editor\" data-id=\"2ee75e1d\" data-element_type=\"widget\" data-e-type=\"widget\" data-widget_type=\"text-editor.default\">\n\t\t\t\t<div class=\"elementor-widget-container\">\n\t\t\t\t\t\t\t\t\t<p style=\"font-weight: 400;\">Are you already preparing for the Christmas holidays? Let us take care of your family or friends' gathering and give yourself the opportunity to relax, share the festive atmosphere, and create unforgettable memories.<\/p>\t\t\t\t\t\t\t\t<\/div>\n\t\t\t\t<\/div>\n\t\t\t\t\t<\/div>\n\t\t<\/div>\n\t\t\t\t\t<\/div>\n\t\t<\/section>\n\t\t\t\t<div class=\"elementor-element elementor-element-1ee84a1 elementor-widget-divider--view-line elementor-widget elementor-widget-divider\" data-id=\"1ee84a1\" data-element_type=\"widget\" data-e-type=\"widget\" data-widget_type=\"divider.default\">\n\t\t\t\t<div class=\"elementor-widget-container\">\n\t\t\t\t\t\t\t<div class=\"elementor-divider\">\n\t\t\t<span class=\"elementor-divider-separator\">\n\t\t\t\t\t\t<\/span>\n\t\t<\/div>\n\t\t\t\t\t\t<\/div>\n\t\t\t\t<\/div>\n\t\t\t\t<section class=\"elementor-section elementor-inner-section elementor-element elementor-element-126a8d2 elementor-section-boxed elementor-section-height-default elementor-section-height-default\" data-id=\"126a8d2\" data-element_type=\"section\" data-e-type=\"section\">\n\t\t\t\t\t\t<div class=\"elementor-container elementor-column-gap-default\">\n\t\t\t\t\t<div class=\"elementor-column elementor-col-50 elementor-inner-column elementor-element elementor-element-f9c775e\" data-id=\"f9c775e\" data-element_type=\"column\" data-e-type=\"column\">\n\t\t\t<div class=\"elementor-widget-wrap elementor-element-populated\">\n\t\t\t\t\t\t<div class=\"elementor-element elementor-element-e151841 elementor-widget elementor-widget-image\" data-id=\"e151841\" data-element_type=\"widget\" data-e-type=\"widget\" data-widget_type=\"image.default\">\n\t\t\t\t<div class=\"elementor-widget-container\">\n\t\t\t\t\t\t\t\t\t\t\t\t\t\t\t\t<a href=\"https:\/\/keliautojunamai.lt\/wp-content\/uploads\/2023\/11\/401069234_17885094797959155_7089296239852489798_n.jpg\" data-elementor-open-lightbox=\"yes\" data-elementor-lightbox-title=\"401069234_17885094797959155_7089296239852489798_n\" data-e-action-hash=\"#elementor-action%3Aaction%3Dlightbox%26settings%3DeyJpZCI6Mjk5MCwidXJsIjoiaHR0cHM6XC9cL2tlbGlhdXRvanVuYW1haS5sdFwvd3AtY29udGVudFwvdXBsb2Fkc1wvMjAyM1wvMTFcLzQwMTA2OTIzNF8xNzg4NTA5NDc5Nzk1OTE1NV83MDg5Mjk2MjM5ODUyNDg5Nzk4X24uanBnIn0%3D\">\n\t\t\t\t\t\t\t<img fetchpriority=\"high\" decoding=\"async\" width=\"819\" height=\"1024\" src=\"https:\/\/keliautojunamai.lt\/wp-content\/uploads\/2023\/11\/401069234_17885094797959155_7089296239852489798_n-819x1024.jpg\" class=\"attachment-large size-large wp-image-2990\" alt=\"\" srcset=\"https:\/\/keliautojunamai.lt\/wp-content\/uploads\/2023\/11\/401069234_17885094797959155_7089296239852489798_n-819x1024.jpg 819w, https:\/\/keliautojunamai.lt\/wp-content\/uploads\/2023\/11\/401069234_17885094797959155_7089296239852489798_n-240x300.jpg 240w, https:\/\/keliautojunamai.lt\/wp-content\/uploads\/2023\/11\/401069234_17885094797959155_7089296239852489798_n-768x961.jpg 768w, https:\/\/keliautojunamai.lt\/wp-content\/uploads\/2023\/11\/401069234_17885094797959155_7089296239852489798_n.jpg 1080w\" sizes=\"(max-width: 819px) 100vw, 819px\" \/>\t\t\t\t\t\t\t\t<\/a>\n\t\t\t\t\t\t\t\t\t\t\t\t\t\t\t<\/div>\n\t\t\t\t<\/div>\n\t\t\t\t\t<\/div>\n\t\t<\/div>\n\t\t\t\t<div class=\"elementor-column elementor-col-50 elementor-inner-column elementor-element elementor-element-94ff0b1\" data-id=\"94ff0b1\" data-element_type=\"column\" data-e-type=\"column\">\n\t\t\t<div class=\"elementor-widget-wrap elementor-element-populated\">\n\t\t\t\t\t\t<div class=\"elementor-element elementor-element-061e54e elementor-widget elementor-widget-heading\" data-id=\"061e54e\" data-element_type=\"widget\" data-e-type=\"widget\" data-widget_type=\"heading.default\">\n\t\t\t\t<div class=\"elementor-widget-container\">\n\t\t\t\t\t<h2 class=\"elementor-heading-title elementor-size-default\">Kal\u0117diniai vakar\u0117liai<\/h2>\t\t\t\t<\/div>\n\t\t\t\t<\/div>\n\t\t\t\t<div class=\"elementor-element elementor-element-8dd8283 elementor-widget elementor-widget-text-editor\" data-id=\"8dd8283\" data-element_type=\"widget\" data-e-type=\"widget\" data-widget_type=\"text-editor.default\">\n\t\t\t\t<div class=\"elementor-widget-container\">\n\t\t\t\t\t\t\t\t\t<p>Ie\u0161kote \u0161ventin\u0117s erdv\u0117s \u012fmon\u0117s kolektyvo \u0161ventei, draug\u0173 kal\u0117diniam vakarui ar kitai \u0161ventinei progai? Kvie\u010diame jus \u0161v\u0119sti Keliautoj\u0173 namuose! \ud83c\udf84<\/p>\t\t\t\t\t\t\t\t<\/div>\n\t\t\t\t<\/div>\n\t\t\t\t<div class=\"elementor-element elementor-element-7fcb65e elementor-widget elementor-widget-text-editor\" data-id=\"7fcb65e\" data-element_type=\"widget\" data-e-type=\"widget\" data-widget_type=\"text-editor.default\">\n\t\t\t\t<div class=\"elementor-widget-container\">\n\t\t\t\t\t\t\t\t\t<p>Visame komplekse su nakvyne talpiname iki 60 asmen\u0173!<\/p><p>Kal\u0117du \u0161ventimas Jums bus tikrai smagus, jei tur\u0117site \u0161auni\u0105 draugij\u0105, o mes pasir\u016bpinsime kal\u0117dine atmosfera.<\/p><p>\u00a0<\/p><p><em><strong>Detalesn\u0117 informacija: tel. +370 615 46873 arba el. pa\u0161tu info@keliautojunamai.lt<\/strong><\/em><\/p>\t\t\t\t\t\t\t\t<\/div>\n\t\t\t\t<\/div>\n\t\t\t\t\t<\/div>\n\t\t<\/div>\n\t\t\t\t\t<\/div>\n\t\t<\/section>\n\t\t\t\t<div class=\"elementor-element elementor-element-df7110f elementor-widget-divider--view-line elementor-widget elementor-widget-divider\" data-id=\"df7110f\" data-element_type=\"widget\" data-e-type=\"widget\" data-widget_type=\"divider.default\">\n\t\t\t\t<div class=\"elementor-widget-container\">\n\t\t\t\t\t\t\t<div class=\"elementor-divider\">\n\t\t\t<span class=\"elementor-divider-separator\">\n\t\t\t\t\t\t<\/span>\n\t\t<\/div>\n\t\t\t\t\t\t<\/div>\n\t\t\t\t<\/div>\n\t\t\t\t<div class=\"elementor-element elementor-element-6eca77c elementor-widget elementor-widget-text-editor\" data-id=\"6eca77c\" data-element_type=\"widget\" data-e-type=\"widget\" data-widget_type=\"text-editor.default\">\n\t\t\t\t<div class=\"elementor-widget-container\">\n\t\t\t\t\t\t\t\t\t<p>Hey, do you already feel the magic of Christmas? \u2603\ufe0f\ud83c\udf84\ud83c\udf81 In the Travelers House, we organize winter workshops for schools, classes, or children's groups where we'll play Christmas games, listen to fairy tales, bake the most delicious treats, craft cards or toys, and dance to the most beautiful Christmas tree!<\/p>\t\t\t\t\t\t\t\t<\/div>\n\t\t\t\t<\/div>\n\t\t\t\t<div class=\"elementor-element elementor-element-51dcb78 elementor-widget-divider--view-line elementor-widget elementor-widget-divider\" data-id=\"51dcb78\" data-element_type=\"widget\" data-e-type=\"widget\" data-widget_type=\"divider.default\">\n\t\t\t\t<div class=\"elementor-widget-container\">\n\t\t\t\t\t\t\t<div class=\"elementor-divider\">\n\t\t\t<span class=\"elementor-divider-separator\">\n\t\t\t\t\t\t<\/span>\n\t\t<\/div>\n\t\t\t\t\t\t<\/div>\n\t\t\t\t<\/div>\n\t\t\t\t<section class=\"elementor-section elementor-inner-section elementor-element elementor-element-8cc052a elementor-reverse-tablet elementor-reverse-mobile elementor-section-boxed elementor-section-height-default elementor-section-height-default\" data-id=\"8cc052a\" data-element_type=\"section\" data-e-type=\"section\">\n\t\t\t\t\t\t<div class=\"elementor-container elementor-column-gap-default\">\n\t\t\t\t\t<div class=\"elementor-column elementor-col-50 elementor-inner-column elementor-element elementor-element-5c506894\" data-id=\"5c506894\" data-element_type=\"column\" data-e-type=\"column\">\n\t\t\t<div class=\"elementor-widget-wrap elementor-element-populated\">\n\t\t\t\t\t\t<div class=\"elementor-element elementor-element-56c8c127 elementor-widget elementor-widget-heading\" data-id=\"56c8c127\" data-element_type=\"widget\" data-e-type=\"widget\" data-widget_type=\"heading.default\">\n\t\t\t\t<div class=\"elementor-widget-container\">\n\t\t\t\t\t<h2 class=\"elementor-heading-title elementor-size-default\">Winter workshops for children<\/h2>\t\t\t\t<\/div>\n\t\t\t\t<\/div>\n\t\t\t\t<div class=\"elementor-element elementor-element-644ef130 elementor-widget elementor-widget-text-editor\" data-id=\"644ef130\" data-element_type=\"widget\" data-e-type=\"widget\" data-widget_type=\"text-editor.default\">\n\t\t\t\t<div class=\"elementor-widget-container\">\n\t\t\t\t\t\t\t\t\t<p>Kvie\u010diame vaikus ir mokytojus \u012f \u0161ventines \u017eiemos dirbtuves, kurios vyks <strong>Keliautoj\u0173 namuose.<\/strong><\/p>\t\t\t\t\t\t\t\t<\/div>\n\t\t\t\t<\/div>\n\t\t\t\t<div class=\"elementor-element elementor-element-9dcca86 elementor-widget elementor-widget-text-editor\" data-id=\"9dcca86\" data-element_type=\"widget\" data-e-type=\"widget\" data-widget_type=\"text-editor.default\">\n\t\t\t\t<div class=\"elementor-widget-container\">\n\t\t\t\t\t\t\t\t\t<p><strong>\u0160ventes programa:<\/strong><\/p><ul><li>\u017daisime Kal\u0117din\u012f \u017eaidima &#8222;Ie\u0161kok ir rask siurpriz\u0105&#8221; \u017eaid\u017eiame visi.<\/li><li>Klausysim\u0117s Kal\u0117dines pasakos ir susipa\u017einsime su \u0160v. Kal\u0117d\u0173 tradicijomis.<\/li><li>Patys kepsime Kal\u0117dinius k\u016b\u010diukus ir vafliukus.<\/li><li>Vai\u0161insimes spanguoli\u0173 kisieliumi ir kar\u0161ta \u017eoleli\u0173 arbata.<\/li><li>Gaminsime Kal\u0117din\u012f atviruka ar \u017eaisliuk\u0105.<\/li><li>\u0160oksime ir \u017eaisime prie Kal\u0117din\u0117 eglut\u0117s.<\/li><\/ul><p><strong>Edukacijos datos:<\/strong> nuo 2023 <strong>lakri\u010dio 14 d<\/strong>. iki 2023 <strong>gruod\u017eio 29 d.<\/strong><\/p><p><strong>Kaina vaikui :<\/strong> 20 eur, programos trukm\u0117 <strong>4 val<\/strong>.<\/p><p>\u00a0<\/p><p><em><strong>B\u016btina i\u0161ankstin\u0117 registracija.<\/strong><\/em><br \/><em><strong>Detalesn\u0117 informacija: tel. +370 615 46873 arba el. pa\u0161tu info@keliautojunamai.lt<\/strong><\/em><\/p>\t\t\t\t\t\t\t\t<\/div>\n\t\t\t\t<\/div>\n\t\t\t\t\t<\/div>\n\t\t<\/div>\n\t\t\t\t<div class=\"elementor-column elementor-col-50 elementor-inner-column elementor-element elementor-element-43c71a76\" data-id=\"43c71a76\" data-element_type=\"column\" data-e-type=\"column\">\n\t\t\t<div class=\"elementor-widget-wrap elementor-element-populated\">\n\t\t\t\t\t\t<div class=\"elementor-element elementor-element-71092ac elementor-widget elementor-widget-image\" data-id=\"71092ac\" data-element_type=\"widget\" data-e-type=\"widget\" data-widget_type=\"image.default\">\n\t\t\t\t<div class=\"elementor-widget-container\">\n\t\t\t\t\t\t\t\t\t\t\t\t\t\t\t\t<a href=\"https:\/\/keliautojunamai.lt\/wp-content\/uploads\/2023\/11\/Sventines-dirtuves.jpg\" data-elementor-open-lightbox=\"yes\" data-elementor-lightbox-title=\"Sventines dirtuves\" data-e-action-hash=\"#elementor-action%3Aaction%3Dlightbox%26settings%3DeyJpZCI6Mjk4OSwidXJsIjoiaHR0cHM6XC9cL2tlbGlhdXRvanVuYW1haS5sdFwvd3AtY29udGVudFwvdXBsb2Fkc1wvMjAyM1wvMTFcL1N2ZW50aW5lcy1kaXJ0dXZlcy5qcGcifQ%3D%3D\">\n\t\t\t\t\t\t\t<img decoding=\"async\" width=\"819\" height=\"1024\" src=\"https:\/\/keliautojunamai.lt\/wp-content\/uploads\/2023\/11\/Sventines-dirtuves-819x1024.jpg\" class=\"attachment-large size-large wp-image-2989\" alt=\"\" srcset=\"https:\/\/keliautojunamai.lt\/wp-content\/uploads\/2023\/11\/Sventines-dirtuves-819x1024.jpg 819w, https:\/\/keliautojunamai.lt\/wp-content\/uploads\/2023\/11\/Sventines-dirtuves-240x300.jpg 240w, https:\/\/keliautojunamai.lt\/wp-content\/uploads\/2023\/11\/Sventines-dirtuves-768x960.jpg 768w, https:\/\/keliautojunamai.lt\/wp-content\/uploads\/2023\/11\/Sventines-dirtuves-1229x1536.jpg 1229w, https:\/\/keliautojunamai.lt\/wp-content\/uploads\/2023\/11\/Sventines-dirtuves.jpg 1440w\" sizes=\"(max-width: 819px) 100vw, 819px\" \/>\t\t\t\t\t\t\t\t<\/a>\n\t\t\t\t\t\t\t\t\t\t\t\t\t\t\t<\/div>\n\t\t\t\t<\/div>\n\t\t\t\t\t<\/div>\n\t\t<\/div>\n\t\t\t\t\t<\/div>\n\t\t<\/section>\n\t\t\t\t\t<\/div>\n\t\t<\/div>\n\t\t\t\t\t<\/div>\n\t\t<\/section>\n\t\t\t\t<\/div>","protected":false},"excerpt":{"rendered":"<p>\u017diemos renginiai 2023 Ar jau planuojate kal\u0117dines \u0161ventes? Leiskite mums pasir\u016bpinti j\u016bs\u0173 \u0161eimos ar draug\u0173 susib\u016brimu ir suteikite sau galimyb\u0119 atsipalaiduoti, dalintis \u0161ventine atmosfera ir kurti neprilygstamus prisiminimus. Kal\u0117diniai vakar\u0117liai Ie\u0161kote \u0161ventin\u0117s erdv\u0117s \u012fmon\u0117s kolektyvo \u0161ventei, draug\u0173 kal\u0117diniam vakarui ar kitai \u0161ventinei progai? Kvie\u010diame jus \u0161v\u0119sti Keliautoj\u0173 namuose! \ud83c\udf84 Visame komplekse su nakvyne talpiname iki &hellip;<\/p>\n<p class=\"read-more\"> <a class=\"\" href=\"https:\/\/keliautojunamai.lt\/en\/ziemos-renginiai\/\"> <span class=\"screen-reader-text\">Winter events<\/span> Read More &raquo;<\/a><\/p>","protected":false},"author":1,"featured_media":0,"parent":0,"menu_order":0,"comment_status":"closed","ping_status":"closed","template":"","meta":{"site-sidebar-layout":"no-sidebar","site-content-layout":"page-builder","ast-global-header-display":"","ast-main-header-display":"","ast-hfb-above-header-display":"","ast-hfb-below-header-display":"","ast-hfb-mobile-header-display":"","site-post-title":"disabled","ast-breadcrumbs-content":"","ast-featured-img":"disabled","footer-sml-layout":"","theme-transparent-header-meta":"enabled","adv-header-id-meta":"","stick-header-meta":"","header-above-stick-meta":"","header-main-stick-meta":"","header-below-stick-meta":"","footnotes":""},"class_list":["post-2987","page","type-page","status-publish","hentry"],"jetpack_sharing_enabled":true,"_links":{"self":[{"href":"https:\/\/keliautojunamai.lt\/en\/wp-json\/wp\/v2\/pages\/2987"}],"collection":[{"href":"https:\/\/keliautojunamai.lt\/en\/wp-json\/wp\/v2\/pages"}],"about":[{"href":"https:\/\/keliautojunamai.lt\/en\/wp-json\/wp\/v2\/types\/page"}],"author":[{"embeddable":true,"href":"https:\/\/keliautojunamai.lt\/en\/wp-json\/wp\/v2\/users\/1"}],"replies":[{"embeddable":true,"href":"https:\/\/keliautojunamai.lt\/en\/wp-json\/wp\/v2\/comments?post=2987"}],"version-history":[{"count":23,"href":"https:\/\/keliautojunamai.lt\/en\/wp-json\/wp\/v2\/pages\/2987\/revisions"}],"predecessor-version":[{"id":3462,"href":"https:\/\/keliautojunamai.lt\/en\/wp-json\/wp\/v2\/pages\/2987\/revisions\/3462"}],"wp:attachment":[{"href":"https:\/\/keliautojunamai.lt\/en\/wp-json\/wp\/v2\/media?parent=2987"}],"curies":[{"name":"wp","href":"https:\/\/api.w.org\/{rel}","templated":true}]}}