{"id":3483,"date":"2024-01-18T18:38:21","date_gmt":"2024-01-18T18:38:21","guid":{"rendered":"https:\/\/keliautojunamai.lt\/?page_id=3483"},"modified":"2024-01-18T18:40:45","modified_gmt":"2024-01-18T18:40:45","slug":"pavasario-velykines-dirbtuves-vaikams","status":"publish","type":"page","link":"https:\/\/keliautojunamai.lt\/en\/pavasario-velykines-dirbtuves-vaikams\/","title":{"rendered":"Easter workshops for CHILDREN"},"content":{"rendered":"<div data-elementor-type=\"wp-page\" data-elementor-id=\"3483\" class=\"elementor elementor-3483\" data-elementor-post-type=\"page\">\n\t\t\t\t\t\t<section class=\"elementor-section elementor-top-section elementor-element elementor-element-7e3cfd6b elementor-section-height-min-height elementor-section-boxed elementor-section-height-default elementor-section-items-middle\" data-id=\"7e3cfd6b\" data-element_type=\"section\" data-e-type=\"section\" data-settings=\"{&quot;background_background&quot;:&quot;classic&quot;}\">\n\t\t\t\t\t\t\t<div class=\"elementor-background-overlay\"><\/div>\n\t\t\t\t\t\t\t<div class=\"elementor-container elementor-column-gap-default\">\n\t\t\t\t\t<div class=\"elementor-column elementor-col-100 elementor-top-column elementor-element elementor-element-5239d0f4\" data-id=\"5239d0f4\" data-element_type=\"column\" data-e-type=\"column\">\n\t\t\t<div class=\"elementor-widget-wrap elementor-element-populated\">\n\t\t\t\t\t\t<div class=\"elementor-element elementor-element-959f6a7 elementor-widget elementor-widget-heading\" data-id=\"959f6a7\" data-element_type=\"widget\" data-e-type=\"widget\" data-widget_type=\"heading.default\">\n\t\t\t\t<div class=\"elementor-widget-container\">\n\t\t\t\t\t<h1 class=\"elementor-heading-title elementor-size-default\">Easter workshops for CHILDREN<\/h1>\t\t\t\t<\/div>\n\t\t\t\t<\/div>\n\t\t\t\t<section class=\"elementor-section elementor-inner-section elementor-element elementor-element-5c3b581a elementor-section-boxed elementor-section-height-default elementor-section-height-default\" data-id=\"5c3b581a\" data-element_type=\"section\" data-e-type=\"section\">\n\t\t\t\t\t\t<div class=\"elementor-container elementor-column-gap-default\">\n\t\t\t\t\t<div class=\"elementor-column elementor-col-50 elementor-inner-column elementor-element elementor-element-533f0227\" data-id=\"533f0227\" data-element_type=\"column\" data-e-type=\"column\">\n\t\t\t<div class=\"elementor-widget-wrap\">\n\t\t\t\t\t\t\t<\/div>\n\t\t<\/div>\n\t\t\t\t<div class=\"elementor-column elementor-col-50 elementor-inner-column elementor-element elementor-element-10ada4e9\" data-id=\"10ada4e9\" data-element_type=\"column\" data-e-type=\"column\">\n\t\t\t<div class=\"elementor-widget-wrap\">\n\t\t\t\t\t\t\t<\/div>\n\t\t<\/div>\n\t\t\t\t\t<\/div>\n\t\t<\/section>\n\t\t\t\t\t<\/div>\n\t\t<\/div>\n\t\t\t\t\t<\/div>\n\t\t<\/section>\n\t\t\t\t<section class=\"elementor-section elementor-top-section elementor-element elementor-element-24fa110d elementor-section-boxed elementor-section-height-default elementor-section-height-default\" data-id=\"24fa110d\" data-element_type=\"section\" data-e-type=\"section\">\n\t\t\t\t\t\t<div class=\"elementor-container elementor-column-gap-default\">\n\t\t\t\t\t<div class=\"elementor-column elementor-col-100 elementor-top-column elementor-element elementor-element-6f043ce9\" data-id=\"6f043ce9\" data-element_type=\"column\" data-e-type=\"column\">\n\t\t\t<div class=\"elementor-widget-wrap elementor-element-populated\">\n\t\t\t\t\t\t<section class=\"elementor-section elementor-inner-section elementor-element elementor-element-476f4f3a elementor-section-boxed elementor-section-height-default elementor-section-height-default\" data-id=\"476f4f3a\" data-element_type=\"section\" data-e-type=\"section\">\n\t\t\t\t\t\t<div class=\"elementor-container elementor-column-gap-default\">\n\t\t\t\t\t<div class=\"elementor-column elementor-col-100 elementor-inner-column elementor-element elementor-element-1b01e01\" data-id=\"1b01e01\" data-element_type=\"column\" data-e-type=\"column\">\n\t\t\t<div class=\"elementor-widget-wrap elementor-element-populated\">\n\t\t\t\t\t\t<div class=\"elementor-element elementor-element-3f1f65d1 elementor-widget-divider--view-line elementor-widget elementor-widget-divider\" data-id=\"3f1f65d1\" data-element_type=\"widget\" data-e-type=\"widget\" data-widget_type=\"divider.default\">\n\t\t\t\t<div class=\"elementor-widget-container\">\n\t\t\t\t\t\t\t<div class=\"elementor-divider\">\n\t\t\t<span class=\"elementor-divider-separator\">\n\t\t\t\t\t\t<\/span>\n\t\t<\/div>\n\t\t\t\t\t\t<\/div>\n\t\t\t\t<\/div>\n\t\t\t\t\t<\/div>\n\t\t<\/div>\n\t\t\t\t\t<\/div>\n\t\t<\/section>\n\t\t\t\t\t<\/div>\n\t\t<\/div>\n\t\t\t\t\t<\/div>\n\t\t<\/section>\n\t\t\t\t<section class=\"elementor-section elementor-inner-section elementor-element elementor-element-019fb17 elementor-section-boxed elementor-section-height-default elementor-section-height-default\" data-id=\"019fb17\" data-element_type=\"section\" data-e-type=\"section\">\n\t\t\t\t\t\t<div class=\"elementor-container elementor-column-gap-default\">\n\t\t\t\t\t<div class=\"elementor-column elementor-col-50 elementor-inner-column elementor-element elementor-element-dd558c9\" data-id=\"dd558c9\" data-element_type=\"column\" data-e-type=\"column\">\n\t\t\t<div class=\"elementor-widget-wrap elementor-element-populated\">\n\t\t\t\t\t\t<div class=\"elementor-element elementor-element-3ebe57c elementor-widget elementor-widget-image\" data-id=\"3ebe57c\" data-element_type=\"widget\" data-e-type=\"widget\" data-widget_type=\"image.default\">\n\t\t\t\t<div class=\"elementor-widget-container\">\n\t\t\t\t\t\t\t\t\t\t\t\t\t\t\t\t<a href=\"https:\/\/keliautojunamai.lt\/wp-content\/uploads\/2024\/01\/KN_vaiku-velykos.png\" data-elementor-open-lightbox=\"yes\" data-elementor-lightbox-title=\"KN_vaik\u0173 velykos\" data-e-action-hash=\"#elementor-action%3Aaction%3Dlightbox%26settings%3DeyJpZCI6MzQ3NCwidXJsIjoiaHR0cHM6XC9cL2tlbGlhdXRvanVuYW1haS5sdFwvd3AtY29udGVudFwvdXBsb2Fkc1wvMjAyNFwvMDFcL0tOX3ZhaWt1LXZlbHlrb3MucG5nIn0%3D\">\n\t\t\t\t\t\t\t<img fetchpriority=\"high\" decoding=\"async\" width=\"1024\" height=\"1024\" src=\"https:\/\/keliautojunamai.lt\/wp-content\/uploads\/2024\/01\/KN_vaiku-velykos-1024x1024.png\" class=\"attachment-large size-large wp-image-3474\" alt=\"\" srcset=\"https:\/\/keliautojunamai.lt\/wp-content\/uploads\/2024\/01\/KN_vaiku-velykos-1024x1024.png 1024w, https:\/\/keliautojunamai.lt\/wp-content\/uploads\/2024\/01\/KN_vaiku-velykos-300x300.png 300w, https:\/\/keliautojunamai.lt\/wp-content\/uploads\/2024\/01\/KN_vaiku-velykos-150x150.png 150w, https:\/\/keliautojunamai.lt\/wp-content\/uploads\/2024\/01\/KN_vaiku-velykos-768x768.png 768w, https:\/\/keliautojunamai.lt\/wp-content\/uploads\/2024\/01\/KN_vaiku-velykos.png 1080w\" sizes=\"(max-width: 1024px) 100vw, 1024px\" \/>\t\t\t\t\t\t\t\t<\/a>\n\t\t\t\t\t\t\t\t\t\t\t\t\t\t\t<\/div>\n\t\t\t\t<\/div>\n\t\t\t\t\t<\/div>\n\t\t<\/div>\n\t\t\t\t<div class=\"elementor-column elementor-col-50 elementor-inner-column elementor-element elementor-element-0c5c01d\" data-id=\"0c5c01d\" data-element_type=\"column\" data-e-type=\"column\">\n\t\t\t<div class=\"elementor-widget-wrap elementor-element-populated\">\n\t\t\t\t\t\t<div class=\"elementor-element elementor-element-2815ba3 elementor-widget elementor-widget-heading\" data-id=\"2815ba3\" data-element_type=\"widget\" data-e-type=\"widget\" data-widget_type=\"heading.default\">\n\t\t\t\t<div class=\"elementor-widget-container\">\n\t\t\t\t\t<h2 class=\"elementor-heading-title elementor-size-default\">Easter workshops for CHILDREN<\/h2>\t\t\t\t<\/div>\n\t\t\t\t<\/div>\n\t\t\t\t<div class=\"elementor-element elementor-element-f8b5f1b elementor-widget elementor-widget-text-editor\" data-id=\"f8b5f1b\" data-element_type=\"widget\" data-e-type=\"widget\" data-widget_type=\"text-editor.default\">\n\t\t\t\t<div class=\"elementor-widget-container\">\n\t\t\t\t\t\t\t\t\t<p>We invite children to the Easter workshops. The educations will be led by the artist Rimvidas Stankevi\u010dius, who believes that the joy of creation is what inspires one to work, and he gladly shares that joy with others. Children will have colored pencils, artist paints and markers waiting for them, the rest will be a creative process.<\/p>\n<p><b>Workshop education activities:<\/b><\/p>\t\t\t\t\t\t\t\t<\/div>\n\t\t\t\t<\/div>\n\t\t\t\t<div class=\"elementor-element elementor-element-4743d30 elementor-widget elementor-widget-text-editor\" data-id=\"4743d30\" data-element_type=\"widget\" data-e-type=\"widget\" data-widget_type=\"text-editor.default\">\n\t\t\t\t<div class=\"elementor-widget-container\">\n\t\t\t\t\t\t\t\t\t<ul>\n<li style=\"font-weight: 400;\" aria-level=\"1\"><span style=\"font-weight: 400;\">We will welcome the Easter miracle by decorating large cardboard eggs.<\/span><\/li>\n<li style=\"font-weight: 400;\" aria-level=\"1\"><span style=\"font-weight: 400;\">Outdoors, we will adorn the Easter tree and let our homemade kite soar.<\/span><\/li>\n<li style=\"font-weight: 400;\" aria-level=\"1\"><span style=\"font-weight: 400;\">Become architects and designers, create our fantasy house and maybe the Easter Bunny will live there...<\/span><\/li>\n<li style=\"font-weight: 400;\" aria-level=\"1\"><span style=\"font-weight: 400;\">Play games and sing karaoke.<\/span><\/li>\n<li style=\"font-weight: 400;\" aria-level=\"1\"><span style=\"font-weight: 400;\">Bake waffles and enjoy cocoa.&nbsp;<\/span><\/li><\/ul>\t\t\t\t\t\t\t\t<\/div>\n\t\t\t\t<\/div>\n\t\t\t\t<div class=\"elementor-element elementor-element-cf90f27 elementor-widget elementor-widget-text-editor\" data-id=\"cf90f27\" data-element_type=\"widget\" data-e-type=\"widget\" data-widget_type=\"text-editor.default\">\n\t\t\t\t<div class=\"elementor-widget-container\">\n\t\t\t\t\t\t\t\t\t<p dir=\"ltr\" style=\"font-size: 16px; font-style: normal; margin-top: 0pt; margin-bottom: 0pt; color: #000000; line-height: 1.38;\"><span style=\"font-size: 11pt; font-family: Arial, sans-serif; background-color: transparent; font-variant-numeric: normal; font-variant-east-asian: normal; font-variant-alternates: normal; font-variant-position: normal; vertical-align: baseline; white-space-collapse: preserve;\">The fee for one child is <b>25 Euro<\/b>, program duration is <b>4 hours.<\/b><\/span><\/p><p style=\"font-size: 16px; font-style: normal; color: #000000;\"><span style=\"font-size: 11pt; font-family: Arial, sans-serif; background-color: transparent; font-variant-numeric: normal; font-variant-east-asian: normal; font-variant-alternates: normal; font-variant-position: normal; vertical-align: baseline; white-space-collapse: preserve;\">For more detailed information, contact us by phone at <a href=\"tel:+37061546873\"><b>+370 615 46873 <\/b><\/a>or via email at <\/span><a style=\"font-weight: 300;\" href=\"mailto:info@keliautojunamai.lt\"><span style=\"font-size: 11pt; font-family: Arial, sans-serif; color: #1155cc; background-color: transparent; font-variant-numeric: normal; font-variant-east-asian: normal; font-variant-alternates: normal; font-variant-position: normal; text-decoration-line: underline; text-decoration-skip-ink: none; vertical-align: baseline; white-space-collapse: preserve;\">info@keliautojunamai.lt<\/span><\/a><\/p>\t\t\t\t\t\t\t\t<\/div>\n\t\t\t\t<\/div>\n\t\t\t\t\t<\/div>\n\t\t<\/div>\n\t\t\t\t\t<\/div>\n\t\t<\/section>\n\t\t\t\t<\/div>","protected":false},"excerpt":{"rendered":"<p>Pavasario Velykin\u0117s dirbtuv\u0117s VAIKAMS Pavasario Velykin\u0117s dirbtuv\u0117s VAIKAMS Kvie\u010diame vaikus \u012f pavasario Velykines dirbtuves. Edukacijas ves dailininkas Rimvidas Stankevi\u010dius, kuris sako, kad k\u016brybos d\u017eiaugsmas yra tai, kas skatina darbui ir tuo d\u017eiaugsmu mielai dalinuosi su visais. Vaik\u0173 lauks spalvoti pie\u0161tukai, dailininko da\u017eai ir flomasteriai, o visa kita bus k\u016brybinis procesas. Velykini\u0173 dirbtuvi\u0173 edukacijos: Velyk\u0173 stebukl\u0105 &hellip;<\/p>\n<p class=\"read-more\"> <a class=\"\" href=\"https:\/\/keliautojunamai.lt\/en\/pavasario-velykines-dirbtuves-vaikams\/\"> <span class=\"screen-reader-text\">Easter workshops for CHILDREN<\/span> Read More &raquo;<\/a><\/p>","protected":false},"author":1,"featured_media":0,"parent":0,"menu_order":0,"comment_status":"closed","ping_status":"closed","template":"","meta":{"site-sidebar-layout":"no-sidebar","site-content-layout":"page-builder","ast-global-header-display":"","ast-main-header-display":"","ast-hfb-above-header-display":"","ast-hfb-below-header-display":"","ast-hfb-mobile-header-display":"","site-post-title":"disabled","ast-breadcrumbs-content":"","ast-featured-img":"disabled","footer-sml-layout":"","theme-transparent-header-meta":"enabled","adv-header-id-meta":"","stick-header-meta":"","header-above-stick-meta":"","header-main-stick-meta":"","header-below-stick-meta":"","footnotes":""},"class_list":["post-3483","page","type-page","status-publish","hentry"],"jetpack_sharing_enabled":true,"_links":{"self":[{"href":"https:\/\/keliautojunamai.lt\/en\/wp-json\/wp\/v2\/pages\/3483"}],"collection":[{"href":"https:\/\/keliautojunamai.lt\/en\/wp-json\/wp\/v2\/pages"}],"about":[{"href":"https:\/\/keliautojunamai.lt\/en\/wp-json\/wp\/v2\/types\/page"}],"author":[{"embeddable":true,"href":"https:\/\/keliautojunamai.lt\/en\/wp-json\/wp\/v2\/users\/1"}],"replies":[{"embeddable":true,"href":"https:\/\/keliautojunamai.lt\/en\/wp-json\/wp\/v2\/comments?post=3483"}],"version-history":[{"count":7,"href":"https:\/\/keliautojunamai.lt\/en\/wp-json\/wp\/v2\/pages\/3483\/revisions"}],"predecessor-version":[{"id":3493,"href":"https:\/\/keliautojunamai.lt\/en\/wp-json\/wp\/v2\/pages\/3483\/revisions\/3493"}],"wp:attachment":[{"href":"https:\/\/keliautojunamai.lt\/en\/wp-json\/wp\/v2\/media?parent=3483"}],"curies":[{"name":"wp","href":"https:\/\/api.w.org\/{rel}","templated":true}]}}