{"id":3660,"date":"2024-04-16T19:01:56","date_gmt":"2024-04-16T19:01:56","guid":{"rendered":"https:\/\/keliautojunamai.lt\/?page_id=3660"},"modified":"2024-10-12T15:37:23","modified_gmt":"2024-10-12T15:37:23","slug":"medziu-sodinimo-fiesta","status":"publish","type":"page","link":"https:\/\/keliautojunamai.lt\/en\/medziu-sodinimo-fiesta\/","title":{"rendered":"Rudens edukacijos"},"content":{"rendered":"<div data-elementor-type=\"wp-page\" data-elementor-id=\"3660\" class=\"elementor elementor-3660\" data-elementor-post-type=\"page\">\n\t\t\t\t\t\t<section class=\"elementor-section elementor-top-section elementor-element elementor-element-60badcb elementor-section-height-min-height elementor-section-boxed elementor-section-height-default elementor-section-items-middle\" data-id=\"60badcb\" data-element_type=\"section\" data-e-type=\"section\" data-settings=\"{&quot;background_background&quot;:&quot;classic&quot;}\">\n\t\t\t\t\t\t\t<div class=\"elementor-background-overlay\"><\/div>\n\t\t\t\t\t\t\t<div class=\"elementor-container elementor-column-gap-default\">\n\t\t\t\t\t<div class=\"elementor-column elementor-col-100 elementor-top-column elementor-element elementor-element-7ce0ba4b\" data-id=\"7ce0ba4b\" data-element_type=\"column\" data-e-type=\"column\">\n\t\t\t<div class=\"elementor-widget-wrap elementor-element-populated\">\n\t\t\t\t\t\t<div class=\"elementor-element elementor-element-5dc2e712 elementor-widget elementor-widget-heading\" data-id=\"5dc2e712\" data-element_type=\"widget\" data-e-type=\"widget\" data-widget_type=\"heading.default\">\n\t\t\t\t<div class=\"elementor-widget-container\">\n\t\t\t\t\t<h1 class=\"elementor-heading-title elementor-size-default\">Keliautoj\u0173 nam\u0173 OBUOLIUKAI\n<\/h1>\t\t\t\t<\/div>\n\t\t\t\t<\/div>\n\t\t\t\t<section class=\"elementor-section elementor-inner-section elementor-element elementor-element-72ef390d elementor-section-boxed elementor-section-height-default elementor-section-height-default\" data-id=\"72ef390d\" data-element_type=\"section\" data-e-type=\"section\">\n\t\t\t\t\t\t<div class=\"elementor-container elementor-column-gap-default\">\n\t\t\t\t\t<div class=\"elementor-column elementor-col-50 elementor-inner-column elementor-element elementor-element-53a2661a\" data-id=\"53a2661a\" data-element_type=\"column\" data-e-type=\"column\">\n\t\t\t<div class=\"elementor-widget-wrap\">\n\t\t\t\t\t\t\t<\/div>\n\t\t<\/div>\n\t\t\t\t<div class=\"elementor-column elementor-col-50 elementor-inner-column elementor-element elementor-element-19c8b715\" data-id=\"19c8b715\" data-element_type=\"column\" data-e-type=\"column\">\n\t\t\t<div class=\"elementor-widget-wrap\">\n\t\t\t\t\t\t\t<\/div>\n\t\t<\/div>\n\t\t\t\t\t<\/div>\n\t\t<\/section>\n\t\t\t\t\t<\/div>\n\t\t<\/div>\n\t\t\t\t\t<\/div>\n\t\t<\/section>\n\t\t\t\t<section class=\"elementor-section elementor-top-section elementor-element elementor-element-2a2a9309 elementor-section-boxed elementor-section-height-default elementor-section-height-default\" data-id=\"2a2a9309\" data-element_type=\"section\" data-e-type=\"section\">\n\t\t\t\t\t\t<div class=\"elementor-container elementor-column-gap-default\">\n\t\t\t\t\t<div class=\"elementor-column elementor-col-100 elementor-top-column elementor-element elementor-element-27dc761d\" data-id=\"27dc761d\" data-element_type=\"column\" data-e-type=\"column\">\n\t\t\t<div class=\"elementor-widget-wrap elementor-element-populated\">\n\t\t\t\t\t\t<section class=\"elementor-section elementor-inner-section elementor-element elementor-element-16e0f6fc elementor-section-boxed elementor-section-height-default elementor-section-height-default\" data-id=\"16e0f6fc\" data-element_type=\"section\" data-e-type=\"section\">\n\t\t\t\t\t\t<div class=\"elementor-container elementor-column-gap-default\">\n\t\t\t\t\t<div class=\"elementor-column elementor-col-100 elementor-inner-column elementor-element elementor-element-6664645\" data-id=\"6664645\" data-element_type=\"column\" data-e-type=\"column\">\n\t\t\t<div class=\"elementor-widget-wrap elementor-element-populated\">\n\t\t\t\t\t\t<div class=\"elementor-element elementor-element-648a81fb elementor-widget-divider--view-line elementor-widget elementor-widget-divider\" data-id=\"648a81fb\" data-element_type=\"widget\" data-e-type=\"widget\" data-widget_type=\"divider.default\">\n\t\t\t\t<div class=\"elementor-widget-container\">\n\t\t\t\t\t\t\t<div class=\"elementor-divider\">\n\t\t\t<span class=\"elementor-divider-separator\">\n\t\t\t\t\t\t<\/span>\n\t\t<\/div>\n\t\t\t\t\t\t<\/div>\n\t\t\t\t<\/div>\n\t\t\t\t\t<\/div>\n\t\t<\/div>\n\t\t\t\t\t<\/div>\n\t\t<\/section>\n\t\t\t\t\t<\/div>\n\t\t<\/div>\n\t\t\t\t\t<\/div>\n\t\t<\/section>\n\t\t\t\t<section class=\"elementor-section elementor-inner-section elementor-element elementor-element-165762ee elementor-section-boxed elementor-section-height-default elementor-section-height-default\" data-id=\"165762ee\" data-element_type=\"section\" data-e-type=\"section\">\n\t\t\t\t\t\t<div class=\"elementor-container elementor-column-gap-default\">\n\t\t\t\t\t<div class=\"elementor-column elementor-col-50 elementor-inner-column elementor-element elementor-element-2aa1fbfe\" data-id=\"2aa1fbfe\" data-element_type=\"column\" data-e-type=\"column\">\n\t\t\t<div class=\"elementor-widget-wrap elementor-element-populated\">\n\t\t\t\t\t\t<div class=\"elementor-element elementor-element-3a3b19a8 elementor-widget elementor-widget-image\" data-id=\"3a3b19a8\" data-element_type=\"widget\" data-e-type=\"widget\" data-widget_type=\"image.default\">\n\t\t\t\t<div class=\"elementor-widget-container\">\n\t\t\t\t\t\t\t\t\t\t\t\t\t\t\t\t<a href=\"https:\/\/keliautojunamai.lt\/wp-content\/uploads\/2024\/10\/Rudens-edukacinis.jpg\" data-elementor-open-lightbox=\"yes\" data-elementor-lightbox-title=\"Rudens edukacinis\" data-e-action-hash=\"#elementor-action%3Aaction%3Dlightbox%26settings%3DeyJpZCI6Mzk1NywidXJsIjoiaHR0cHM6XC9cL2tlbGlhdXRvanVuYW1haS5sdFwvd3AtY29udGVudFwvdXBsb2Fkc1wvMjAyNFwvMTBcL1J1ZGVucy1lZHVrYWNpbmlzLmpwZyJ9\">\n\t\t\t\t\t\t\t<img fetchpriority=\"high\" decoding=\"async\" width=\"1024\" height=\"1024\" src=\"https:\/\/keliautojunamai.lt\/wp-content\/uploads\/2024\/10\/Rudens-edukacinis-1024x1024.jpg\" class=\"attachment-large size-large wp-image-3957\" alt=\"\" srcset=\"https:\/\/keliautojunamai.lt\/wp-content\/uploads\/2024\/10\/Rudens-edukacinis-1024x1024.jpg 1024w, https:\/\/keliautojunamai.lt\/wp-content\/uploads\/2024\/10\/Rudens-edukacinis-300x300.jpg 300w, https:\/\/keliautojunamai.lt\/wp-content\/uploads\/2024\/10\/Rudens-edukacinis-150x150.jpg 150w, https:\/\/keliautojunamai.lt\/wp-content\/uploads\/2024\/10\/Rudens-edukacinis-768x768.jpg 768w, https:\/\/keliautojunamai.lt\/wp-content\/uploads\/2024\/10\/Rudens-edukacinis-12x12.jpg 12w, https:\/\/keliautojunamai.lt\/wp-content\/uploads\/2024\/10\/Rudens-edukacinis.jpg 1080w\" sizes=\"(max-width: 1024px) 100vw, 1024px\" \/>\t\t\t\t\t\t\t\t<\/a>\n\t\t\t\t\t\t\t\t\t\t\t\t\t\t\t<\/div>\n\t\t\t\t<\/div>\n\t\t\t\t\t<\/div>\n\t\t<\/div>\n\t\t\t\t<div class=\"elementor-column elementor-col-50 elementor-inner-column elementor-element elementor-element-b3c4ed0\" data-id=\"b3c4ed0\" data-element_type=\"column\" data-e-type=\"column\">\n\t\t\t<div class=\"elementor-widget-wrap elementor-element-populated\">\n\t\t\t\t\t\t<div class=\"elementor-element elementor-element-6c5d1079 elementor-widget elementor-widget-heading\" data-id=\"6c5d1079\" data-element_type=\"widget\" data-e-type=\"widget\" data-widget_type=\"heading.default\">\n\t\t\t\t<div class=\"elementor-widget-container\">\n\t\t\t\t\t<h2 class=\"elementor-heading-title elementor-size-default\">RUDENS EDUKACIJOS \ud83c\udf4e\ud83c\udf42<\/h2>\t\t\t\t<\/div>\n\t\t\t\t<\/div>\n\t\t\t\t<div class=\"elementor-element elementor-element-7640fa6a elementor-widget elementor-widget-text-editor\" data-id=\"7640fa6a\" data-element_type=\"widget\" data-e-type=\"widget\" data-widget_type=\"text-editor.default\">\n\t\t\t\t<div class=\"elementor-widget-container\">\n\t\t\t\t\t\t\t\t\t<p><strong>Keliautoj\u0173 nam\u0173 OBUOLIUKAI<\/strong><br \/>KELIAUTOJ\u0172 NAMAI kvie\u010dia vaikus, j\u0173 t\u0117velius ir mokytojus \u012f rudens edukacijas, kuri\u0173 metu smagiai ir kokybi\u0161kai leisime laik\u0105 nuostabios gamtos apsuptyje!<\/p>\t\t\t\t\t\t\t\t<\/div>\n\t\t\t\t<\/div>\n\t\t\t\t<div class=\"elementor-element elementor-element-7e192535 elementor-widget elementor-widget-text-editor\" data-id=\"7e192535\" data-element_type=\"widget\" data-e-type=\"widget\" data-widget_type=\"text-editor.default\">\n\t\t\t\t<div class=\"elementor-widget-container\">\n\t\t\t\t\t\t\t\t\t<p><strong>PROGRAMA<\/strong><br \/>\ud83c\udf4eKepsime sausainius su obuoliais<br \/>\ud83c\udf4ePie\u0161ime knyg\u0173 skirtukus su dailininku Rimvidu Stankevi\u010diumi<br \/>\ud83c\udf4eKlausysim\u0117s obuoli\u0173 sodo istorijos<br \/>\ud83c\udf4eDegustuosime obuoli\u0173 sultis ir kepsime belgi\u0161kus vaflius<br \/>\ud83c\udf4ePasinersime \u012f foto med\u017eiokl\u0119 gamtoje<\/p><p>PASID\u017dIAUKITE RUDENS GAMTOS GRO\u017dIU KELIAUTOJ\u0172 NAMUOSE \ud83c\udf42\ud83c\udf41\ud83c\udf4f<\/p>\t\t\t\t\t\t\t\t<\/div>\n\t\t\t\t<\/div>\n\t\t\t\t<div class=\"elementor-element elementor-element-39d7ecd9 elementor-widget elementor-widget-text-editor\" data-id=\"39d7ecd9\" data-element_type=\"widget\" data-e-type=\"widget\" data-widget_type=\"text-editor.default\">\n\t\t\t\t<div class=\"elementor-widget-container\">\n\t\t\t\t\t\t\t\t\t<p>Edukacijos trukm\u0117 <strong>4 hours.<\/strong><br \/>Kaina vienam vaikui <strong>20 eur.<\/strong><br \/>Edukacijos vyks nuo <strong>spalio 7 d. iki lapkri\u010dio 30 d.<\/strong>, darbo dienomis <strong>9 &#8211; 15 val.<\/strong> Grupes priimame tik su i\u0161ankstine registracija!<\/p><p>Detalesn\u0117 informacija: <strong>+370 615 46873<\/strong> arba <strong>info@keliautojunamai.lt<\/strong>\u00a0<\/p><p><strong>JAU PRIIMAME\u00a0REZERVACIJAS!<\/strong><\/p>\t\t\t\t\t\t\t\t<\/div>\n\t\t\t\t<\/div>\n\t\t\t\t\t<\/div>\n\t\t<\/div>\n\t\t\t\t\t<\/div>\n\t\t<\/section>\n\t\t\t\t<\/div>","protected":false},"excerpt":{"rendered":"<p>Keliautoj\u0173 nam\u0173 OBUOLIUKAI RUDENS EDUKACIJOS \ud83c\udf4e\ud83c\udf42 Keliautoj\u0173 nam\u0173 OBUOLIUKAIKELIAUTOJ\u0172 NAMAI kvie\u010dia vaikus, j\u0173 t\u0117velius ir mokytojus \u012f rudens edukacijas, kuri\u0173 metu smagiai ir kokybi\u0161kai leisime laik\u0105 nuostabios gamtos apsuptyje! PROGRAMA\ud83c\udf4eKepsime sausainius su obuoliais\ud83c\udf4ePie\u0161ime knyg\u0173 skirtukus su dailininku Rimvidu Stankevi\u010diumi\ud83c\udf4eKlausysim\u0117s obuoli\u0173 sodo istorijos\ud83c\udf4eDegustuosime obuoli\u0173 sultis ir kepsime belgi\u0161kus vaflius\ud83c\udf4ePasinersime \u012f foto med\u017eiokl\u0119 gamtoje PASID\u017dIAUKITE RUDENS GAMTOS &hellip;<\/p>\n<p class=\"read-more\"> <a class=\"\" href=\"https:\/\/keliautojunamai.lt\/en\/medziu-sodinimo-fiesta\/\"> <span class=\"screen-reader-text\">Rudens edukacijos<\/span> Read More &raquo;<\/a><\/p>","protected":false},"author":1,"featured_media":0,"parent":0,"menu_order":0,"comment_status":"closed","ping_status":"closed","template":"","meta":{"site-sidebar-layout":"no-sidebar","site-content-layout":"page-builder","ast-global-header-display":"","ast-main-header-display":"","ast-hfb-above-header-display":"","ast-hfb-below-header-display":"","ast-hfb-mobile-header-display":"","site-post-title":"disabled","ast-breadcrumbs-content":"","ast-featured-img":"disabled","footer-sml-layout":"","theme-transparent-header-meta":"enabled","adv-header-id-meta":"","stick-header-meta":"","header-above-stick-meta":"","header-main-stick-meta":"","header-below-stick-meta":"","footnotes":""},"class_list":["post-3660","page","type-page","status-publish","hentry"],"jetpack_sharing_enabled":true,"_links":{"self":[{"href":"https:\/\/keliautojunamai.lt\/en\/wp-json\/wp\/v2\/pages\/3660"}],"collection":[{"href":"https:\/\/keliautojunamai.lt\/en\/wp-json\/wp\/v2\/pages"}],"about":[{"href":"https:\/\/keliautojunamai.lt\/en\/wp-json\/wp\/v2\/types\/page"}],"author":[{"embeddable":true,"href":"https:\/\/keliautojunamai.lt\/en\/wp-json\/wp\/v2\/users\/1"}],"replies":[{"embeddable":true,"href":"https:\/\/keliautojunamai.lt\/en\/wp-json\/wp\/v2\/comments?post=3660"}],"version-history":[{"count":18,"href":"https:\/\/keliautojunamai.lt\/en\/wp-json\/wp\/v2\/pages\/3660\/revisions"}],"predecessor-version":[{"id":3961,"href":"https:\/\/keliautojunamai.lt\/en\/wp-json\/wp\/v2\/pages\/3660\/revisions\/3961"}],"wp:attachment":[{"href":"https:\/\/keliautojunamai.lt\/en\/wp-json\/wp\/v2\/media?parent=3660"}],"curies":[{"name":"wp","href":"https:\/\/api.w.org\/{rel}","templated":true}]}}