{"id":3937,"date":"2024-07-10T18:00:21","date_gmt":"2024-07-10T18:00:21","guid":{"rendered":"https:\/\/keliautojunamai.lt\/?page_id=3937"},"modified":"2024-07-10T18:17:29","modified_gmt":"2024-07-10T18:17:29","slug":"keliautoju-stovykla","status":"publish","type":"page","link":"https:\/\/keliautojunamai.lt\/en\/keliautoju-stovykla\/","title":{"rendered":"Keliautoj\u0173 Stovykla"},"content":{"rendered":"<div data-elementor-type=\"wp-page\" data-elementor-id=\"3937\" class=\"elementor elementor-3937\" data-elementor-post-type=\"page\">\n\t\t\t\t\t\t<section class=\"elementor-section elementor-top-section elementor-element elementor-element-36346df2 elementor-section-height-min-height elementor-section-boxed elementor-section-height-default elementor-section-items-middle\" data-id=\"36346df2\" data-element_type=\"section\" data-e-type=\"section\" data-settings=\"{&quot;background_background&quot;:&quot;classic&quot;}\">\n\t\t\t\t\t\t\t<div class=\"elementor-background-overlay\"><\/div>\n\t\t\t\t\t\t\t<div class=\"elementor-container elementor-column-gap-default\">\n\t\t\t\t\t<div class=\"elementor-column elementor-col-100 elementor-top-column elementor-element elementor-element-4a93b013\" data-id=\"4a93b013\" data-element_type=\"column\" data-e-type=\"column\">\n\t\t\t<div class=\"elementor-widget-wrap elementor-element-populated\">\n\t\t\t\t\t\t<div class=\"elementor-element elementor-element-2a79345e elementor-widget elementor-widget-heading\" data-id=\"2a79345e\" data-element_type=\"widget\" data-e-type=\"widget\" data-widget_type=\"heading.default\">\n\t\t\t\t<div class=\"elementor-widget-container\">\n\t\t\t\t\t<h1 class=\"elementor-heading-title elementor-size-default\">Keliautoj\u0173 Stovykla<\/h1>\t\t\t\t<\/div>\n\t\t\t\t<\/div>\n\t\t\t\t<section class=\"elementor-section elementor-inner-section elementor-element elementor-element-d9c165e elementor-section-boxed elementor-section-height-default elementor-section-height-default\" data-id=\"d9c165e\" data-element_type=\"section\" data-e-type=\"section\">\n\t\t\t\t\t\t<div class=\"elementor-container elementor-column-gap-default\">\n\t\t\t\t\t<div class=\"elementor-column elementor-col-50 elementor-inner-column elementor-element elementor-element-1f0cf99c\" data-id=\"1f0cf99c\" data-element_type=\"column\" data-e-type=\"column\">\n\t\t\t<div class=\"elementor-widget-wrap\">\n\t\t\t\t\t\t\t<\/div>\n\t\t<\/div>\n\t\t\t\t<div class=\"elementor-column elementor-col-50 elementor-inner-column elementor-element elementor-element-63cce689\" data-id=\"63cce689\" data-element_type=\"column\" data-e-type=\"column\">\n\t\t\t<div class=\"elementor-widget-wrap\">\n\t\t\t\t\t\t\t<\/div>\n\t\t<\/div>\n\t\t\t\t\t<\/div>\n\t\t<\/section>\n\t\t\t\t\t<\/div>\n\t\t<\/div>\n\t\t\t\t\t<\/div>\n\t\t<\/section>\n\t\t\t\t<section class=\"elementor-section elementor-top-section elementor-element elementor-element-298b99d0 elementor-section-boxed elementor-section-height-default elementor-section-height-default\" data-id=\"298b99d0\" data-element_type=\"section\" data-e-type=\"section\">\n\t\t\t\t\t\t<div class=\"elementor-container elementor-column-gap-default\">\n\t\t\t\t\t<div class=\"elementor-column elementor-col-100 elementor-top-column elementor-element elementor-element-d203bcc\" data-id=\"d203bcc\" data-element_type=\"column\" data-e-type=\"column\">\n\t\t\t<div class=\"elementor-widget-wrap elementor-element-populated\">\n\t\t\t\t\t\t<section class=\"elementor-section elementor-inner-section elementor-element elementor-element-41f15dba elementor-section-boxed elementor-section-height-default elementor-section-height-default\" data-id=\"41f15dba\" data-element_type=\"section\" data-e-type=\"section\">\n\t\t\t\t\t\t<div class=\"elementor-container elementor-column-gap-default\">\n\t\t\t\t\t<div class=\"elementor-column elementor-col-50 elementor-inner-column elementor-element elementor-element-7e02a137\" data-id=\"7e02a137\" data-element_type=\"column\" data-e-type=\"column\">\n\t\t\t<div class=\"elementor-widget-wrap elementor-element-populated\">\n\t\t\t\t\t\t<div class=\"elementor-element elementor-element-30c5e51a elementor-widget elementor-widget-heading\" data-id=\"30c5e51a\" data-element_type=\"widget\" data-e-type=\"widget\" data-widget_type=\"heading.default\">\n\t\t\t\t<div class=\"elementor-widget-container\">\n\t\t\t\t\t<h2 class=\"elementor-heading-title elementor-size-default\">Keliautoj\u0173 Stovykla<\/h2>\t\t\t\t<\/div>\n\t\t\t\t<\/div>\n\t\t\t\t<div class=\"elementor-element elementor-element-612bf59b elementor-widget elementor-widget-text-editor\" data-id=\"612bf59b\" data-element_type=\"widget\" data-e-type=\"widget\" data-widget_type=\"text-editor.default\">\n\t\t\t\t<div class=\"elementor-widget-container\">\n\t\t\t\t\t\t\t\t\t<div data-id=\"5de78673\" data-element_type=\"widget\" data-widget_type=\"text-editor.default\"><p>Atrasime vis\u0105 pasaul\u012f kartu keliaudami \u00a0po \u017eemynus.<\/p><p><strong>Pamainos :<\/strong><br \/>2024 liepos 28 \u2013 rugpj\u016b\u010dio 02 d<\/p><p><b>Am\u017eius<\/b> \u2013 10-15 m. vaikams, grup\u0117s skirstomos pagal am\u017ei\u0173;<\/p><p><b>Kaina <\/b>\u2013 400 eur\u0173<\/p><p><b>Daugiau informacijos:<\/b><\/p><p><b>\u00a0<\/b><\/p><p><a href=\"https:\/\/laimeskiemas.lt\/apie\/vasaros-su-nakvyne-2023-2\/\">https:\/\/laimeskiemas.lt\/apie\/vasaros-su-nakvyne-2023-2\/<\/a><\/p><p>\u00a0<\/p><p><b>Telefonai pasiteiravimui<\/b>: +370 687 70976, +370 688 78879.<\/p><p>\u00a0<\/p><p><b>El pa\u0161tas:<\/b> info@laimeskiemas.lt<\/p><\/div>\t\t\t\t\t\t\t\t<\/div>\n\t\t\t\t<\/div>\n\t\t\t\t<div class=\"elementor-element elementor-element-8d3c515 elementor-align-center elementor-widget elementor-widget-button\" data-id=\"8d3c515\" data-element_type=\"widget\" data-e-type=\"widget\" data-widget_type=\"button.default\">\n\t\t\t\t<div class=\"elementor-widget-container\">\n\t\t\t\t\t\t\t\t\t<div class=\"elementor-button-wrapper\">\n\t\t\t\t\t<a class=\"elementor-button elementor-button-link elementor-size-sm\" href=\"https:\/\/docs.google.com\/forms\/d\/e\/1FAIpQLScw4kEHgMvDr5j_JpMAdOYVwQOsILJekpjAIefJ_Vpb-1B-Fg\/viewform\">\n\t\t\t\t\t\t<span class=\"elementor-button-content-wrapper\">\n\t\t\t\t\t\t\t\t\t<span class=\"elementor-button-text\">Registracija<\/span>\n\t\t\t\t\t<\/span>\n\t\t\t\t\t<\/a>\n\t\t\t\t<\/div>\n\t\t\t\t\t\t\t\t<\/div>\n\t\t\t\t<\/div>\n\t\t\t\t\t<\/div>\n\t\t<\/div>\n\t\t\t\t<div class=\"elementor-column elementor-col-50 elementor-inner-column elementor-element elementor-element-56995e22\" data-id=\"56995e22\" data-element_type=\"column\" data-e-type=\"column\">\n\t\t\t<div class=\"elementor-widget-wrap elementor-element-populated\">\n\t\t\t\t\t\t<div class=\"elementor-element elementor-element-6702edf5 elementor-skin-slideshow elementor-arrows-yes elementor-widget elementor-widget-media-carousel\" data-id=\"6702edf5\" data-element_type=\"widget\" data-e-type=\"widget\" data-settings=\"{&quot;space_between&quot;:{&quot;unit&quot;:&quot;px&quot;,&quot;size&quot;:29,&quot;sizes&quot;:[]},&quot;skin&quot;:&quot;slideshow&quot;,&quot;centered_slides&quot;:&quot;yes&quot;,&quot;slideshow_slides_per_view&quot;:&quot;1&quot;,&quot;effect&quot;:&quot;slide&quot;,&quot;show_arrows&quot;:&quot;yes&quot;,&quot;speed&quot;:500,&quot;autoplay&quot;:&quot;yes&quot;,&quot;autoplay_speed&quot;:5000,&quot;loop&quot;:&quot;yes&quot;,&quot;pause_on_hover&quot;:&quot;yes&quot;,&quot;pause_on_interaction&quot;:&quot;yes&quot;,&quot;space_between_tablet&quot;:{&quot;unit&quot;:&quot;px&quot;,&quot;size&quot;:10,&quot;sizes&quot;:[]},&quot;space_between_mobile&quot;:{&quot;unit&quot;:&quot;px&quot;,&quot;size&quot;:10,&quot;sizes&quot;:[]}}\" data-widget_type=\"media-carousel.default\">\n\t\t\t\t<div class=\"elementor-widget-container\">\n\t\t\t\t\t\t\t<div class=\"elementor-swiper\">\n\t\t\t<div class=\"elementor-main-swiper swiper-container\">\n\t\t\t\t<div class=\"swiper-wrapper\">\n\t\t\t\t\t\t\t\t\t\t\t<div class=\"swiper-slide\">\n\t\t\t\t\t\t\t\t\t<div class=\"elementor-carousel-image\" role=\"img\" aria-label=\"1\" style=\"background-image: url(&#039;https:\/\/keliautojunamai.lt\/wp-content\/uploads\/2024\/07\/1.png&#039;)\">\n\n\t\t\t\n\t\t\t\t\t<\/div>\n\t\t\t\t\t\t\t\t<\/div>\n\t\t\t\t\t\t\t\t\t<\/div>\n\t\t\t\t\t\t\t<\/div>\n\t\t<\/div>\n\t\t\t\t\t\t<\/div>\n\t\t\t\t<\/div>\n\t\t\t\t\t<\/div>\n\t\t<\/div>\n\t\t\t\t\t<\/div>\n\t\t<\/section>\n\t\t\t\t\t<\/div>\n\t\t<\/div>\n\t\t\t\t\t<\/div>\n\t\t<\/section>\n\t\t\t\t<section class=\"elementor-section elementor-top-section elementor-element elementor-element-3ab0db87 elementor-section-boxed elementor-section-height-default elementor-section-height-default\" data-id=\"3ab0db87\" data-element_type=\"section\" data-e-type=\"section\">\n\t\t\t\t\t\t<div class=\"elementor-container elementor-column-gap-default\">\n\t\t\t\t\t<div class=\"elementor-column elementor-col-100 elementor-top-column elementor-element elementor-element-7c107d93\" data-id=\"7c107d93\" data-element_type=\"column\" data-e-type=\"column\">\n\t\t\t<div class=\"elementor-widget-wrap elementor-element-populated\">\n\t\t\t\t\t\t<div class=\"elementor-element elementor-element-135da381 elementor-widget-divider--view-line elementor-widget elementor-widget-divider\" data-id=\"135da381\" data-element_type=\"widget\" data-e-type=\"widget\" data-widget_type=\"divider.default\">\n\t\t\t\t<div class=\"elementor-widget-container\">\n\t\t\t\t\t\t\t<div class=\"elementor-divider\">\n\t\t\t<span class=\"elementor-divider-separator\">\n\t\t\t\t\t\t<\/span>\n\t\t<\/div>\n\t\t\t\t\t\t<\/div>\n\t\t\t\t<\/div>\n\t\t\t\t<div class=\"elementor-element elementor-element-53d9852 elementor-widget elementor-widget-heading\" data-id=\"53d9852\" data-element_type=\"widget\" data-e-type=\"widget\" data-widget_type=\"heading.default\">\n\t\t\t\t<div class=\"elementor-widget-container\">\n\t\t\t\t\t<h2 class=\"elementor-heading-title elementor-size-default\">K\u0105 veiksime?<\/h2>\t\t\t\t<\/div>\n\t\t\t\t<\/div>\n\t\t\t\t<section class=\"elementor-section elementor-inner-section elementor-element elementor-element-7f83e20 elementor-section-boxed elementor-section-height-default elementor-section-height-default\" data-id=\"7f83e20\" data-element_type=\"section\" data-e-type=\"section\">\n\t\t\t\t\t\t<div class=\"elementor-container elementor-column-gap-default\">\n\t\t\t\t\t<div class=\"elementor-column elementor-col-50 elementor-inner-column elementor-element elementor-element-6418718\" data-id=\"6418718\" data-element_type=\"column\" data-e-type=\"column\">\n\t\t\t<div class=\"elementor-widget-wrap elementor-element-populated\">\n\t\t\t\t\t\t<div class=\"elementor-element elementor-element-319aad3 elementor-widget elementor-widget-text-editor\" data-id=\"319aad3\" data-element_type=\"widget\" data-e-type=\"widget\" data-widget_type=\"text-editor.default\">\n\t\t\t\t<div class=\"elementor-widget-container\">\n\t\t\t\t\t\t\t\t\t<div><b>Sekmadien\u012f<\/b> \u2013\u00a0<u>Sveiki atvyk\u0119 ceremonija<\/u>. Galimi b\u016bri\u0173 pavadinimai, \u017eemyno pasirinkimas, pagal tai b\u016bri\u0173 pavadinimai \u2013 b\u016brio taisykl\u0117s, ice braking \u017eaidimai. Vaikai gali gal pasidaryti kokius savo \u017eurnalus? Kur pildysis savait\u0117s \u012f\u017evalgas\/komentarus\/naujus faktus?<\/div><div>\u00a0<\/div><div><b>Afrikos safari<\/b>\u00a0\u2013 mokysies mu\u0161ti Afrikos b\u016bgnais, su patyrusiu \u017eygeiviu leisies \u012f \u017eyg\u012f bei pasigaminsi savo amulet\u0105. Vakare prie lau\u017eo steb\u0117si \u017evaig\u017edes ir klausysi kvap\u0105 gniau\u017eian\u010di\u0173 keliautoj\u0173 pasakojim\u0173.<\/div><div>\u00a0<\/div><div><b>Europos ekspedicija<\/b>\u00a0\u2013 \u00a0persikelsi laiku \u012f viduram\u017eio \u00a0\u017eaidimus ir u\u017esi\u0117mimus. Dalyvausi pranc\u016bz\u0173 meno pamokoje, kur susipa\u017einsi su \u017eymiausiais Europos menininkais ir pie\u0161i savo (o gal draugo?) portret\u0105.<\/div>\t\t\t\t\t\t\t\t<\/div>\n\t\t\t\t<\/div>\n\t\t\t\t\t<\/div>\n\t\t<\/div>\n\t\t\t\t<div class=\"elementor-column elementor-col-50 elementor-inner-column elementor-element elementor-element-66c2982\" data-id=\"66c2982\" data-element_type=\"column\" data-e-type=\"column\">\n\t\t\t<div class=\"elementor-widget-wrap elementor-element-populated\">\n\t\t\t\t\t\t<div class=\"elementor-element elementor-element-d64260a elementor-widget elementor-widget-image\" data-id=\"d64260a\" data-element_type=\"widget\" data-e-type=\"widget\" data-widget_type=\"image.default\">\n\t\t\t\t<div class=\"elementor-widget-container\">\n\t\t\t\t\t\t\t\t\t\t\t\t\t\t\t<img fetchpriority=\"high\" decoding=\"async\" width=\"1024\" height=\"683\" src=\"https:\/\/keliautojunamai.lt\/wp-content\/uploads\/2023\/09\/rojus-zenklas-1024x683.jpg\" class=\"attachment-large size-large wp-image-2618\" alt=\"\" srcset=\"https:\/\/keliautojunamai.lt\/wp-content\/uploads\/2023\/09\/rojus-zenklas-1024x683.jpg 1024w, https:\/\/keliautojunamai.lt\/wp-content\/uploads\/2023\/09\/rojus-zenklas-300x200.jpg 300w, https:\/\/keliautojunamai.lt\/wp-content\/uploads\/2023\/09\/rojus-zenklas-768x512.jpg 768w, https:\/\/keliautojunamai.lt\/wp-content\/uploads\/2023\/09\/rojus-zenklas-1536x1024.jpg 1536w, https:\/\/keliautojunamai.lt\/wp-content\/uploads\/2023\/09\/rojus-zenklas.jpg 2048w\" sizes=\"(max-width: 1024px) 100vw, 1024px\" \/>\t\t\t\t\t\t\t\t\t\t\t\t\t\t\t<\/div>\n\t\t\t\t<\/div>\n\t\t\t\t\t<\/div>\n\t\t<\/div>\n\t\t\t\t\t<\/div>\n\t\t<\/section>\n\t\t\t\t<section class=\"elementor-section elementor-inner-section elementor-element elementor-element-843a49a elementor-section-boxed elementor-section-height-default elementor-section-height-default\" data-id=\"843a49a\" data-element_type=\"section\" data-e-type=\"section\">\n\t\t\t\t\t\t<div class=\"elementor-container elementor-column-gap-default\">\n\t\t\t\t\t<div class=\"elementor-column elementor-col-50 elementor-inner-column elementor-element elementor-element-4dfadbb\" data-id=\"4dfadbb\" data-element_type=\"column\" data-e-type=\"column\">\n\t\t\t<div class=\"elementor-widget-wrap elementor-element-populated\">\n\t\t\t\t\t\t<div class=\"elementor-element elementor-element-7b2ddae elementor-widget elementor-widget-image\" data-id=\"7b2ddae\" data-element_type=\"widget\" data-e-type=\"widget\" data-widget_type=\"image.default\">\n\t\t\t\t<div class=\"elementor-widget-container\">\n\t\t\t\t\t\t\t\t\t\t\t\t\t\t\t<img decoding=\"async\" width=\"1536\" height=\"864\" src=\"https:\/\/keliautojunamai.lt\/wp-content\/uploads\/2023\/09\/skrydis-2-2-1536x864.jpg\" class=\"attachment-1536x1536 size-1536x1536 wp-image-2596\" alt=\"\" srcset=\"https:\/\/keliautojunamai.lt\/wp-content\/uploads\/2023\/09\/skrydis-2-2-1536x864.jpg 1536w, https:\/\/keliautojunamai.lt\/wp-content\/uploads\/2023\/09\/skrydis-2-2-300x169.jpg 300w, https:\/\/keliautojunamai.lt\/wp-content\/uploads\/2023\/09\/skrydis-2-2-1024x576.jpg 1024w, https:\/\/keliautojunamai.lt\/wp-content\/uploads\/2023\/09\/skrydis-2-2-768x432.jpg 768w, https:\/\/keliautojunamai.lt\/wp-content\/uploads\/2023\/09\/skrydis-2-2-2048x1152.jpg 2048w\" sizes=\"(max-width: 1536px) 100vw, 1536px\" \/>\t\t\t\t\t\t\t\t\t\t\t\t\t\t\t<\/div>\n\t\t\t\t<\/div>\n\t\t\t\t\t<\/div>\n\t\t<\/div>\n\t\t\t\t<div class=\"elementor-column elementor-col-50 elementor-inner-column elementor-element elementor-element-d3ca963\" data-id=\"d3ca963\" data-element_type=\"column\" data-e-type=\"column\">\n\t\t\t<div class=\"elementor-widget-wrap elementor-element-populated\">\n\t\t\t\t\t\t<div class=\"elementor-element elementor-element-442d762 elementor-widget elementor-widget-text-editor\" data-id=\"442d762\" data-element_type=\"widget\" data-e-type=\"widget\" data-widget_type=\"text-editor.default\">\n\t\t\t\t<div class=\"elementor-widget-container\">\n\t\t\t\t\t\t\t\t\t<div>Kokie gi viduram\u017eiai be lobi\u0173? Did\u017eiul\u0117je teritorijoje \u017eaisi orientacin\u012f \u017eaidim\u0105, kur su komanda, gav\u0119s lobio \u017eem\u0117lap\u012f, ie\u0161kosi itin vertingo prot\u0117vi\u0173 palikimo.<br \/><br \/><\/div><div><b>Kult\u016brinis workshopas<\/b> \u2013 tyrin\u0117sime Europos folkloro \u0161okius ir muzik\u0105. Lauko amfiteatro erdv\u0117je tav\u0119s lauks vakaro pramogos ir diskotekos.<\/div>\t\t\t\t\t\t\t\t<\/div>\n\t\t\t\t<\/div>\n\t\t\t\t\t<\/div>\n\t\t<\/div>\n\t\t\t\t\t<\/div>\n\t\t<\/section>\n\t\t\t\t<section class=\"elementor-section elementor-inner-section elementor-element elementor-element-6314af6 elementor-section-boxed elementor-section-height-default elementor-section-height-default\" data-id=\"6314af6\" data-element_type=\"section\" data-e-type=\"section\">\n\t\t\t\t\t\t<div class=\"elementor-container elementor-column-gap-default\">\n\t\t\t\t\t<div class=\"elementor-column elementor-col-50 elementor-inner-column elementor-element elementor-element-67b41f7\" data-id=\"67b41f7\" data-element_type=\"column\" data-e-type=\"column\">\n\t\t\t<div class=\"elementor-widget-wrap elementor-element-populated\">\n\t\t\t\t\t\t<div class=\"elementor-element elementor-element-b1fed4f elementor-widget elementor-widget-text-editor\" data-id=\"b1fed4f\" data-element_type=\"widget\" data-e-type=\"widget\" data-widget_type=\"text-editor.default\">\n\t\t\t\t<div class=\"elementor-widget-container\">\n\t\t\t\t\t\t\t\t\t<div><b>Vandenyn\u0173 odis\u0117ja<\/b>\u00a0\u2013 tav\u0119s laukia vandens diena! Viename i\u0161 13 sodyboje esan\u010di\u0173 tvenkini\u0173 \u012fkurtame vandenlen\u010di\u0173 (Wake) parke \u00a0susipa\u017einsi su \u0161iuo sportu ir mokysis \u010diuo\u017eti per vanden\u012f. Plaukiodami su irklent\u0117mis i\u0161moksi laikyti balans\u0105 ant vandens, sustiprinsi raumenis ir lavinsi koordinacij\u0105, patobulinsi laikysen\u0105.<\/div><div>Vandens karas!\u00a0<br \/><br \/><\/div><div>Gal\u0117si atker\u0161yti vadovui, kuris kels tave kas ryt\u0105, nors ir kaip nenor\u0117sis keltis \ud83d\ude42<\/div>\t\t\t\t\t\t\t\t<\/div>\n\t\t\t\t<\/div>\n\t\t\t\t\t<\/div>\n\t\t<\/div>\n\t\t\t\t<div class=\"elementor-column elementor-col-50 elementor-inner-column elementor-element elementor-element-76dbcab\" data-id=\"76dbcab\" data-element_type=\"column\" data-e-type=\"column\">\n\t\t\t<div class=\"elementor-widget-wrap elementor-element-populated\">\n\t\t\t\t\t\t<div class=\"elementor-element elementor-element-ad0ee97 elementor-widget elementor-widget-image\" data-id=\"ad0ee97\" data-element_type=\"widget\" data-e-type=\"widget\" data-widget_type=\"image.default\">\n\t\t\t\t<div class=\"elementor-widget-container\">\n\t\t\t\t\t\t\t\t\t\t\t\t\t\t\t<img decoding=\"async\" width=\"1024\" height=\"1024\" src=\"https:\/\/keliautojunamai.lt\/wp-content\/uploads\/2024\/07\/Wake-1024x1024.jpg\" class=\"attachment-large size-large wp-image-3950\" alt=\"\" srcset=\"https:\/\/keliautojunamai.lt\/wp-content\/uploads\/2024\/07\/Wake-1024x1024.jpg 1024w, https:\/\/keliautojunamai.lt\/wp-content\/uploads\/2024\/07\/Wake-300x300.jpg 300w, https:\/\/keliautojunamai.lt\/wp-content\/uploads\/2024\/07\/Wake-150x150.jpg 150w, https:\/\/keliautojunamai.lt\/wp-content\/uploads\/2024\/07\/Wake-768x768.jpg 768w, https:\/\/keliautojunamai.lt\/wp-content\/uploads\/2024\/07\/Wake-1536x1536.jpg 1536w, https:\/\/keliautojunamai.lt\/wp-content\/uploads\/2024\/07\/Wake-12x12.jpg 12w, https:\/\/keliautojunamai.lt\/wp-content\/uploads\/2024\/07\/Wake.jpg 1800w\" sizes=\"(max-width: 1024px) 100vw, 1024px\" \/>\t\t\t\t\t\t\t\t\t\t\t\t\t\t\t<\/div>\n\t\t\t\t<\/div>\n\t\t\t\t\t<\/div>\n\t\t<\/div>\n\t\t\t\t\t<\/div>\n\t\t<\/section>\n\t\t\t\t<section class=\"elementor-section elementor-inner-section elementor-element elementor-element-ff46839 elementor-section-boxed elementor-section-height-default elementor-section-height-default\" data-id=\"ff46839\" data-element_type=\"section\" data-e-type=\"section\">\n\t\t\t\t\t\t<div class=\"elementor-container elementor-column-gap-default\">\n\t\t\t\t\t<div class=\"elementor-column elementor-col-50 elementor-inner-column elementor-element elementor-element-a0a0f55\" data-id=\"a0a0f55\" data-element_type=\"column\" data-e-type=\"column\">\n\t\t\t<div class=\"elementor-widget-wrap elementor-element-populated\">\n\t\t\t\t\t\t<div class=\"elementor-element elementor-element-6651cd0 elementor-widget elementor-widget-image\" data-id=\"6651cd0\" data-element_type=\"widget\" data-e-type=\"widget\" data-widget_type=\"image.default\">\n\t\t\t\t<div class=\"elementor-widget-container\">\n\t\t\t\t\t\t\t\t\t\t\t\t\t\t\t<img loading=\"lazy\" decoding=\"async\" width=\"1024\" height=\"684\" src=\"https:\/\/keliautojunamai.lt\/wp-content\/uploads\/2023\/09\/KKG8133-fotor-20230806151235-1024x684.jpg\" class=\"attachment-large size-large wp-image-2714\" alt=\"\" srcset=\"https:\/\/keliautojunamai.lt\/wp-content\/uploads\/2023\/09\/KKG8133-fotor-20230806151235-1024x684.jpg 1024w, https:\/\/keliautojunamai.lt\/wp-content\/uploads\/2023\/09\/KKG8133-fotor-20230806151235-300x200.jpg 300w, https:\/\/keliautojunamai.lt\/wp-content\/uploads\/2023\/09\/KKG8133-fotor-20230806151235-768x513.jpg 768w, https:\/\/keliautojunamai.lt\/wp-content\/uploads\/2023\/09\/KKG8133-fotor-20230806151235-1536x1026.jpg 1536w, https:\/\/keliautojunamai.lt\/wp-content\/uploads\/2023\/09\/KKG8133-fotor-20230806151235-2048x1368.jpg 2048w\" sizes=\"(max-width: 1024px) 100vw, 1024px\" \/>\t\t\t\t\t\t\t\t\t\t\t\t\t\t\t<\/div>\n\t\t\t\t<\/div>\n\t\t\t\t\t<\/div>\n\t\t<\/div>\n\t\t\t\t<div class=\"elementor-column elementor-col-50 elementor-inner-column elementor-element elementor-element-4f4c6e5\" data-id=\"4f4c6e5\" data-element_type=\"column\" data-e-type=\"column\">\n\t\t\t<div class=\"elementor-widget-wrap elementor-element-populated\">\n\t\t\t\t\t\t<div class=\"elementor-element elementor-element-438f7fe elementor-widget elementor-widget-text-editor\" data-id=\"438f7fe\" data-element_type=\"widget\" data-e-type=\"widget\" data-widget_type=\"text-editor.default\">\n\t\t\t\t<div class=\"elementor-widget-container\">\n\t\t\t\t\t\t\t\t\t<div><b>Atradim\u0173 Amerika<\/b>\u00a0\u2013 \u00a0ar bandei kada \u0161okti samb\u0105 ar tango? \u00a0O keliauti \u012f ekstremal\u0173 naktin\u012f \u017eyg\u012f? Gamintis burgerius ir namin\u0119 kol\u0105? Ne? Tur\u0117si prog\u0105 \u2013 juk Amerika \u2013 svajoni\u0173 \u0161alis!<\/div><div>\u00a0<\/div><div><b>Azija<\/b>\u00a0\u2013 susipa\u017einsime su ryt\u0173 kult\u016bros sportu, tokiais kaip joga, muy thay ir kt. Dalyvausi smagiose SUMO imtyn\u0117se su specialia apranga. Kin\u0173 kaligrafija \u2013 ar \u017einai, kaip ra\u0161osi tavo vardas hieroglifais? Tur\u0117si galimyb\u0119 nusipie\u0161ti savo vard\u0105 ant k\u016bno. Vakare tav\u0119s lauks kino filmo vakaras su azijieti\u0161kais popkornais ir g\u0117rimai<\/div>\t\t\t\t\t\t\t\t<\/div>\n\t\t\t\t<\/div>\n\t\t\t\t\t<\/div>\n\t\t<\/div>\n\t\t\t\t\t<\/div>\n\t\t<\/section>\n\t\t\t\t<div class=\"elementor-element elementor-element-3ea60d9 elementor-widget elementor-widget-text-editor\" data-id=\"3ea60d9\" data-element_type=\"widget\" data-e-type=\"widget\" data-widget_type=\"text-editor.default\">\n\t\t\t\t<div class=\"elementor-widget-container\">\n\t\t\t\t\t\t\t\t\t<p>O kur dar nauji draugai, linksmi bei patyr\u0119 vadovai, maudyn\u0117s, skanus maistas, daug apkabinim\u0173 ir \u0161ypsen\u0173? Diskutuosime aktualiomis paaugliams temomis, reflektuosime apie dienos \u012fvykius ir patirtas emocijas<\/p>\t\t\t\t\t\t\t\t<\/div>\n\t\t\t\t<\/div>\n\t\t\t\t<div class=\"elementor-element elementor-element-7e62579 elementor-align-center elementor-widget elementor-widget-button\" data-id=\"7e62579\" data-element_type=\"widget\" data-e-type=\"widget\" data-widget_type=\"button.default\">\n\t\t\t\t<div class=\"elementor-widget-container\">\n\t\t\t\t\t\t\t\t\t<div class=\"elementor-button-wrapper\">\n\t\t\t\t\t<a class=\"elementor-button elementor-button-link elementor-size-sm\" href=\"https:\/\/docs.google.com\/forms\/d\/e\/1FAIpQLScw4kEHgMvDr5j_JpMAdOYVwQOsILJekpjAIefJ_Vpb-1B-Fg\/viewform\">\n\t\t\t\t\t\t<span class=\"elementor-button-content-wrapper\">\n\t\t\t\t\t\t\t\t\t<span class=\"elementor-button-text\">Registracija \u012f stovykl\u0105!<\/span>\n\t\t\t\t\t<\/span>\n\t\t\t\t\t<\/a>\n\t\t\t\t<\/div>\n\t\t\t\t\t\t\t\t<\/div>\n\t\t\t\t<\/div>\n\t\t\t\t\t<\/div>\n\t\t<\/div>\n\t\t\t\t\t<\/div>\n\t\t<\/section>\n\t\t\t\t<\/div>","protected":false},"excerpt":{"rendered":"<p>Keliautoj\u0173 Stovykla Keliautoj\u0173 Stovykla Atrasime vis\u0105 pasaul\u012f kartu keliaudami \u00a0po \u017eemynus. Pamainos :2024 liepos 28 \u2013 rugpj\u016b\u010dio 02 d Am\u017eius \u2013 10-15 m. vaikams, grup\u0117s skirstomos pagal am\u017ei\u0173; Kaina \u2013 400 eur\u0173 Daugiau informacijos: \u00a0 https:\/\/laimeskiemas.lt\/apie\/vasaros-su-nakvyne-2023-2\/ \u00a0 Telefonai pasiteiravimui: +370 687 70976, +370 688 78879. \u00a0 El pa\u0161tas: info@laimeskiemas.lt Registracija K\u0105 veiksime? Sekmadien\u012f \u2013\u00a0Sveiki atvyk\u0119 &hellip;<\/p>\n<p class=\"read-more\"> <a class=\"\" href=\"https:\/\/keliautojunamai.lt\/en\/keliautoju-stovykla\/\"> <span class=\"screen-reader-text\">Keliautoj\u0173 Stovykla<\/span> Read More &raquo;<\/a><\/p>","protected":false},"author":1,"featured_media":0,"parent":0,"menu_order":0,"comment_status":"closed","ping_status":"closed","template":"","meta":{"site-sidebar-layout":"no-sidebar","site-content-layout":"page-builder","ast-global-header-display":"","ast-main-header-display":"","ast-hfb-above-header-display":"","ast-hfb-below-header-display":"","ast-hfb-mobile-header-display":"","site-post-title":"disabled","ast-breadcrumbs-content":"","ast-featured-img":"disabled","footer-sml-layout":"","theme-transparent-header-meta":"enabled","adv-header-id-meta":"","stick-header-meta":"","header-above-stick-meta":"","header-main-stick-meta":"","header-below-stick-meta":"","footnotes":""},"class_list":["post-3937","page","type-page","status-publish","hentry"],"jetpack_sharing_enabled":true,"_links":{"self":[{"href":"https:\/\/keliautojunamai.lt\/en\/wp-json\/wp\/v2\/pages\/3937"}],"collection":[{"href":"https:\/\/keliautojunamai.lt\/en\/wp-json\/wp\/v2\/pages"}],"about":[{"href":"https:\/\/keliautojunamai.lt\/en\/wp-json\/wp\/v2\/types\/page"}],"author":[{"embeddable":true,"href":"https:\/\/keliautojunamai.lt\/en\/wp-json\/wp\/v2\/users\/1"}],"replies":[{"embeddable":true,"href":"https:\/\/keliautojunamai.lt\/en\/wp-json\/wp\/v2\/comments?post=3937"}],"version-history":[{"count":12,"href":"https:\/\/keliautojunamai.lt\/en\/wp-json\/wp\/v2\/pages\/3937\/revisions"}],"predecessor-version":[{"id":3954,"href":"https:\/\/keliautojunamai.lt\/en\/wp-json\/wp\/v2\/pages\/3937\/revisions\/3954"}],"wp:attachment":[{"href":"https:\/\/keliautojunamai.lt\/en\/wp-json\/wp\/v2\/media?parent=3937"}],"curies":[{"name":"wp","href":"https:\/\/api.w.org\/{rel}","templated":true}]}}